{"id":4292,"date":"2023-01-30T14:38:20","date_gmt":"2023-01-30T11:38:20","guid":{"rendered":"https:\/\/www.cocukpsikiyatricuneytozcan.com\/wisc-iv-intelligence-test\/"},"modified":"2025-02-05T15:11:22","modified_gmt":"2025-02-05T12:11:22","slug":"wisc-iv-intelligence-test","status":"publish","type":"page","link":"https:\/\/www.cocukpsikiyatricuneytozcan.com\/en\/wisc-iv-intelligence-test\/","title":{"rendered":"WISC-IV Intelligence Test"},"content":{"rendered":"\t\t<div data-elementor-type=\"wp-page\" data-elementor-id=\"4292\" class=\"elementor elementor-4292 elementor-1478\">\n\t\t\t\t\t\t<section class=\"elementor-section elementor-top-section elementor-element elementor-element-b36e8cf elementor-section-boxed elementor-section-height-default elementor-section-height-default\" data-id=\"b36e8cf\" data-element_type=\"section\">\n\t\t\t\t\t\t<div class=\"elementor-container elementor-column-gap-default\">\n\t\t\t\t\t<div class=\"elementor-column elementor-col-100 elementor-top-column elementor-element elementor-element-6df8721\" data-id=\"6df8721\" data-element_type=\"column\">\n\t\t\t<div class=\"elementor-widget-wrap elementor-element-populated\">\n\t\t\t\t\t\t<div class=\"elementor-element elementor-element-c535440 elementor-widget elementor-widget-heading\" data-id=\"c535440\" data-element_type=\"widget\" data-widget_type=\"heading.default\">\n\t\t\t\t<div class=\"elementor-widget-container\">\n\t\t\t\t\t<h2 class=\"elementor-heading-title elementor-size-default\">What is the WISC-IV Intelligence Test?\n<\/h2>\t\t\t\t<\/div>\n\t\t\t\t<\/div>\n\t\t\t\t<div class=\"elementor-element elementor-element-2726eef elementor-widget elementor-widget-text-editor\" data-id=\"2726eef\" data-element_type=\"widget\" data-widget_type=\"text-editor.default\">\n\t\t\t\t<div class=\"elementor-widget-container\">\n\t\t\t\t\t\t\t\t\t<p style=\"text-align: left;\" align=\"justify\">The Wechsler Intelligence Scale for Children-IV (WISC-IV) is an intelligence test used to measure the mental skills of children between the ages of 6 years 0 months and 16 years 11 months. The test provides clues about the child&#8217;s strong and weak mental skills as well as intelligence level. Discovering all the mental abilities in which the child is proficient or lagging behind allows the child to further develop his\/her strong skills or support his\/her weak skills. With the data we obtain as a result of WISC-IV, it is possible to prepare appropriate support programs for weak mental skills that need to be developed without wasting time.   <\/p>\n<div>\n<p>WISC-IV consists of subtests of 4 mental skills clusters: verbal comprehension, perceptual reasoning, working memory and processing speed. The estimated duration of application varies between 90 and 120 minutes, depending on the child&#8217;s work rate.  <\/p>\n<p>Children who will take the WISC-IV test need to do some things before the test. These include listening, being full and getting a good night&#8217;s sleep. Clothes that will be comfortable on the test day should be preferred. It is important to avoid words and behaviors that make the child anxious. It is better not to give the child any information about the test.<\/p>\n<p>It is not necessary to give the child any information about the test beforehand. Because the psychologist gives the child the most accurate information.<\/p>\n<p><\/p>\n<\/div>\n\t\t\t\t\t\t\t\t<\/div>\n\t\t\t\t<\/div>\n\t\t\t\t\t<\/div>\n\t\t<\/div>\n\t\t\t\t\t<\/div>\n\t\t<\/section>\n\t\t\t\t<section class=\"elementor-section elementor-top-section elementor-element elementor-element-d3b206d elementor-section-boxed elementor-section-height-default elementor-section-height-default\" data-id=\"d3b206d\" data-element_type=\"section\">\n\t\t\t\t\t\t<div class=\"elementor-container elementor-column-gap-default\">\n\t\t\t\t\t<div class=\"elementor-column elementor-col-100 elementor-top-column elementor-element elementor-element-cbe1d52\" data-id=\"cbe1d52\" data-element_type=\"column\">\n\t\t\t<div class=\"elementor-widget-wrap elementor-element-populated\">\n\t\t\t\t\t\t<div class=\"elementor-element elementor-element-9559131 elementor-widget elementor-widget-cz_image\" data-id=\"9559131\" data-element_type=\"widget\" data-widget_type=\"cz_image.default\">\n\t\t\t\t<div class=\"elementor-widget-container\">\n\t\t\t\t\t\r\n\t\t<div class=\"cz_image clr cz_image_no_fx center_on_mobile\" data-position=\"\">\r\n\r\n\t\t\t<div>\r\n\r\n\t\t\t\t<div class=\"cz_image_in\">\r\n\r\n\t\t\t\t\t<div class=\"cz_main_image\"><img decoding=\"async\" width=\"160\" height=\"160\" src=\"https:\/\/www.cocukpsikiyatricuneytozcan.com\/wp-content\/uploads\/2019\/12\/user.png\" class=\"attachment-full size-full wp-image-1190\" alt=\"\" srcset=\"https:\/\/www.cocukpsikiyatricuneytozcan.com\/wp-content\/uploads\/2019\/12\/user.png 160w, https:\/\/www.cocukpsikiyatricuneytozcan.com\/wp-content\/uploads\/2019\/12\/user-100x100.png 100w, https:\/\/www.cocukpsikiyatricuneytozcan.com\/wp-content\/uploads\/2019\/12\/user-150x150.png 150w\" sizes=\"(max-width: 160px) 100vw, 160px\" \/><\/div>\r\n\r\n\t\t\t\t\t<div class=\"cz_hover_image\"><img decoding=\"async\" width=\"160\" height=\"160\" src=\"https:\/\/www.cocukpsikiyatricuneytozcan.com\/wp-content\/uploads\/2019\/12\/user.png\" class=\"attachment-full size-full wp-image-1190\" alt=\"\" srcset=\"https:\/\/www.cocukpsikiyatricuneytozcan.com\/wp-content\/uploads\/2019\/12\/user.png 160w, https:\/\/www.cocukpsikiyatricuneytozcan.com\/wp-content\/uploads\/2019\/12\/user-100x100.png 100w, https:\/\/www.cocukpsikiyatricuneytozcan.com\/wp-content\/uploads\/2019\/12\/user-150x150.png 150w\" sizes=\"(max-width: 160px) 100vw, 160px\" \/><\/div>\r\n\t\t\t\t<\/div>\r\n\r\n\t\t\t\t\r\n\t\t\t<\/div>\r\n\r\n\t\t<\/div>\r\n\r\n\t\t\t\t\t<\/div>\n\t\t\t\t<\/div>\n\t\t\t\t<div class=\"elementor-element elementor-element-071c22b elementor-widget elementor-widget-cz_title\" data-id=\"071c22b\" data-element_type=\"widget\" data-widget_type=\"cz_title.default\">\n\t\t\t\t<div class=\"elementor-widget-container\">\n\t\t\t\t\t\t\r\n\t\t<div>\r\n\t\t\t<div class=\"cz_title clr cz_mobile_text_center cz_title_pos_inline tac\"><div class=\"cz_title_content\"><div class=\"cz_wpe_content\"><p style=\"text-align: center;\"><span style=\"letter-spacing: 6px; color: #01849f;\">CONTACT US<\/span><\/p>\n<\/div><\/div><\/div>\r\n\t\t<\/div>\r\n\t\t\r\n\t\t\t\t\t\t<\/div>\n\t\t\t\t<\/div>\n\t\t\t\t<div class=\"elementor-element elementor-element-3a8bd95 elementor-widget elementor-widget-cz_title\" data-id=\"3a8bd95\" data-element_type=\"widget\" data-widget_type=\"cz_title.default\">\n\t\t\t\t<div class=\"elementor-widget-container\">\n\t\t\t\t\t\t\r\n\t\t<div>\r\n\t\t\t<div class=\"cz_title clr cz_mobile_text_center cz_title_pos_inline tac\"><div class=\"cz_title_content\"><div class=\"cz_wpe_content\"><h3 style=\"text-align: center;\"><span style=\"font-size: 48px;\">Fill Form Now<\/span><\/h3>\n<\/div><\/div><\/div>\r\n\t\t<\/div>\r\n\t\t\r\n\t\t\t\t\t\t<\/div>\n\t\t\t\t<\/div>\n\t\t\t\t<div class=\"elementor-element elementor-element-dfd83dc elementor-widget elementor-widget-cz_title\" data-id=\"dfd83dc\" data-element_type=\"widget\" data-widget_type=\"cz_title.default\">\n\t\t\t\t<div class=\"elementor-widget-container\">\n\t\t\t\t\t\t\r\n\t\t<div>\r\n\t\t\t<div class=\"cz_title clr cz_title_pos_inline tac\"><div class=\"cz_title_content\"><div class=\"cz_wpe_content\"><p style=\"text-align: center;\"><span style=\"font-size: 18px; color: #999;\">You can contact us by filling out the form for Child and Adolescent Psychiatry and Psychotherapy.<\/span><\/p>\n<\/div><\/div><\/div>\r\n\t\t<\/div>\r\n\t\t\r\n\t\t\t\t\t\t<\/div>\n\t\t\t\t<\/div>\n\t\t\t\t<div class=\"elementor-element elementor-element-c72a2a4 elementor-widget elementor-widget-cz_gap\" data-id=\"c72a2a4\" data-element_type=\"widget\" data-widget_type=\"cz_gap.default\">\n\t\t\t\t<div class=\"elementor-widget-container\">\n\t\t\t\t\t<div class=\"cz_gap clr\"><\/div>\t\t\t\t<\/div>\n\t\t\t\t<\/div>\n\t\t\t\t\t<\/div>\n\t\t<\/div>\n\t\t\t\t\t<\/div>\n\t\t<\/section>\n\t\t\t\t<section class=\"elementor-section elementor-top-section elementor-element elementor-element-0412dd9 elementor-section-boxed elementor-section-height-default elementor-section-height-default\" data-id=\"0412dd9\" data-element_type=\"section\">\n\t\t\t\t\t\t<div class=\"elementor-container elementor-column-gap-default\">\n\t\t\t\t\t<div class=\"elementor-column elementor-col-33 elementor-top-column elementor-element elementor-element-ec4a427\" data-id=\"ec4a427\" data-element_type=\"column\">\n\t\t\t<div class=\"elementor-widget-wrap\">\n\t\t\t\t\t\t\t<\/div>\n\t\t<\/div>\n\t\t\t\t<div class=\"elementor-column elementor-col-33 elementor-top-column elementor-element elementor-element-e945180\" data-id=\"e945180\" data-element_type=\"column\">\n\t\t\t<div class=\"elementor-widget-wrap elementor-element-populated\">\n\t\t\t\t\t\t<div class=\"elementor-element elementor-element-0e2e9e1 elementor-widget elementor-widget-cz_title\" data-id=\"0e2e9e1\" data-element_type=\"widget\" data-widget_type=\"cz_title.default\">\n\t\t\t\t<div class=\"elementor-widget-container\">\n\t\t\t\t\t\t\r\n\t\t<div>\r\n\t\t\t<div class=\"cz_title clr cz_title_has_icon cz_title_pos_inline\"><div class=\"cz_title_content\"><i class=\"cz_title_icon_before fa czico-006-speech-bubble-with-text-lines\"><\/i><div class=\"cz_wpe_content\"><h4>Reach out to us.<\/h4>\n<p>Do you have questions?<\/p>\n<\/div><\/div><\/div>\r\n\t\t<\/div>\r\n\t\t\r\n\t\t\t\t\t\t<\/div>\n\t\t\t\t<\/div>\n\t\t\t\t<div class=\"elementor-element elementor-element-06acbbc elementor-widget elementor-widget-cz_gap\" data-id=\"06acbbc\" data-element_type=\"widget\" data-widget_type=\"cz_gap.default\">\n\t\t\t\t<div class=\"elementor-widget-container\">\n\t\t\t\t\t<div class=\"cz_gap clr\"><\/div>\t\t\t\t<\/div>\n\t\t\t\t<\/div>\n\t\t\t\t<div class=\"elementor-element elementor-element-8d8b5b0 elementor-widget elementor-widget-cz_contact_form_7\" data-id=\"8d8b5b0\" data-element_type=\"widget\" data-widget_type=\"cz_contact_form_7.default\">\n\t\t\t\t<div class=\"elementor-widget-container\">\n\t\t\t\t\t\t\t<div class=\"cz_cf7 clr\">\r\n\t\t\t<div>\n<div class=\"wpcf7 no-js\" id=\"wpcf7-f3630-o1\" lang=\"tr-TR\" dir=\"ltr\" data-wpcf7-id=\"3630\">\n<div class=\"screen-reader-response\"><p role=\"status\" aria-live=\"polite\" aria-atomic=\"true\"><\/p> <ul><\/ul><\/div>\n<form action=\"\/en\/wp-json\/wp\/v2\/pages\/4292#wpcf7-f3630-o1\" method=\"post\" class=\"wpcf7-form init\" aria-label=\"\u0130leti\u015fim Formu\" novalidate=\"novalidate\" data-status=\"init\">\n<fieldset class=\"hidden-fields-container\"><input type=\"hidden\" name=\"_wpcf7\" value=\"3630\" \/><input type=\"hidden\" name=\"_wpcf7_version\" value=\"6.1.4\" \/><input type=\"hidden\" name=\"_wpcf7_locale\" value=\"tr_TR\" \/><input type=\"hidden\" name=\"_wpcf7_unit_tag\" value=\"wpcf7-f3630-o1\" \/><input type=\"hidden\" name=\"_wpcf7_container_post\" value=\"0\" \/><input type=\"hidden\" name=\"_wpcf7_posted_data_hash\" value=\"\" \/>\n<\/fieldset>\n<p><label> Ad\u0131n\u0131z Soyad\u0131n\u0131z<br \/>\n<span class=\"wpcf7-form-control-wrap\" data-name=\"your-name\"><input size=\"40\" maxlength=\"400\" class=\"wpcf7-form-control wpcf7-text wpcf7-validates-as-required\" autocomplete=\"name\" aria-required=\"true\" aria-invalid=\"false\" value=\"\" type=\"text\" name=\"your-name\" \/><\/span> <\/label>\n<\/p>\n<p><label> E-posta adresiniz<br \/>\n<span class=\"wpcf7-form-control-wrap\" data-name=\"your-email\"><input size=\"40\" maxlength=\"400\" class=\"wpcf7-form-control wpcf7-email wpcf7-validates-as-required wpcf7-text wpcf7-validates-as-email\" autocomplete=\"email\" aria-required=\"true\" aria-invalid=\"false\" value=\"\" type=\"email\" name=\"your-email\" \/><\/span> <\/label>\n<\/p>\n<p><label> Telefon<br \/>\n<span class=\"wpcf7-form-control-wrap\" data-name=\"your-subject\"><input size=\"40\" maxlength=\"400\" class=\"wpcf7-form-control wpcf7-text wpcf7-validates-as-required\" aria-required=\"true\" aria-invalid=\"false\" value=\"\" type=\"text\" name=\"your-subject\" \/><\/span> <\/label>\n<\/p>\n<p><label> Mesaj\u0131n\u0131z<br \/>\n<span class=\"wpcf7-form-control-wrap\" data-name=\"your-message\"><textarea cols=\"40\" rows=\"10\" maxlength=\"2000\" class=\"wpcf7-form-control wpcf7-textarea\" aria-invalid=\"false\" name=\"your-message\"><\/textarea><\/span> <\/label>\n<\/p>\n<p><input class=\"wpcf7-form-control wpcf7-submit has-spinner\" type=\"submit\" value=\"G\u00f6nder\" \/>\n<\/p><div class=\"wpcf7-response-output\" aria-hidden=\"true\"><\/div>\n<\/form>\n<\/div>\n<\/div>\r\n\t\t<\/div>\r\n\t\t\t\t\t\t<\/div>\n\t\t\t\t<\/div>\n\t\t\t\t\t<\/div>\n\t\t<\/div>\n\t\t\t\t<div class=\"elementor-column elementor-col-33 elementor-top-column elementor-element elementor-element-dde124a\" data-id=\"dde124a\" data-element_type=\"column\">\n\t\t\t<div class=\"elementor-widget-wrap\">\n\t\t\t\t\t\t\t<\/div>\n\t\t<\/div>\n\t\t\t\t\t<\/div>\n\t\t<\/section>\n\t\t\t\t<section class=\"elementor-section elementor-top-section elementor-element elementor-element-f417d0c elementor-section-boxed elementor-section-height-default elementor-section-height-default\" data-id=\"f417d0c\" data-element_type=\"section\">\n\t\t\t\t\t\t<div class=\"elementor-container elementor-column-gap-default\">\n\t\t\t\t\t<div class=\"elementor-column elementor-col-16 elementor-top-column elementor-element elementor-element-6fc1243\" data-id=\"6fc1243\" data-element_type=\"column\">\n\t\t\t<div class=\"elementor-widget-wrap\">\n\t\t\t\t\t\t\t<\/div>\n\t\t<\/div>\n\t\t\t\t<div class=\"elementor-column elementor-col-66 elementor-top-column elementor-element elementor-element-2f0aa76\" data-id=\"2f0aa76\" data-element_type=\"column\">\n\t\t\t<div class=\"elementor-widget-wrap elementor-element-populated\">\n\t\t\t\t\t\t<div class=\"elementor-element elementor-element-bde5612 elementor-widget elementor-widget-cz_gap\" data-id=\"bde5612\" data-element_type=\"widget\" data-widget_type=\"cz_gap.default\">\n\t\t\t\t<div class=\"elementor-widget-container\">\n\t\t\t\t\t<div class=\"cz_gap clr\"><\/div>\t\t\t\t<\/div>\n\t\t\t\t<\/div>\n\t\t\t\t\t<\/div>\n\t\t<\/div>\n\t\t\t\t<div class=\"elementor-column elementor-col-16 elementor-top-column elementor-element elementor-element-785f2a7\" data-id=\"785f2a7\" data-element_type=\"column\">\n\t\t\t<div class=\"elementor-widget-wrap\">\n\t\t\t\t\t\t\t<\/div>\n\t\t<\/div>\n\t\t\t\t\t<\/div>\n\t\t<\/section>\n\t\t\t\t<section class=\"elementor-section elementor-top-section elementor-element elementor-element-cd6f9f8 elementor-section-boxed elementor-section-height-default elementor-section-height-default\" data-id=\"cd6f9f8\" data-element_type=\"section\">\n\t\t\t\t\t\t<div class=\"elementor-container elementor-column-gap-default\">\n\t\t\t\t\t<div class=\"elementor-column elementor-col-100 elementor-top-column elementor-element elementor-element-1b11594\" data-id=\"1b11594\" data-element_type=\"column\">\n\t\t\t<div class=\"elementor-widget-wrap elementor-element-populated\">\n\t\t\t\t\t\t<div class=\"elementor-element elementor-element-dada001 elementor-widget elementor-widget-cz_gap\" data-id=\"dada001\" data-element_type=\"widget\" data-widget_type=\"cz_gap.default\">\n\t\t\t\t<div class=\"elementor-widget-container\">\n\t\t\t\t\t<div class=\"cz_gap clr\"><\/div>\t\t\t\t<\/div>\n\t\t\t\t<\/div>\n\t\t\t\t\t<\/div>\n\t\t<\/div>\n\t\t\t\t\t<\/div>\n\t\t<\/section>\n\t\t\t\t<section class=\"elementor-section elementor-top-section elementor-element elementor-element-6c57b4d elementor-section-boxed elementor-section-height-default elementor-section-height-default\" data-id=\"6c57b4d\" data-element_type=\"section\">\n\t\t\t\t\t\t<div class=\"elementor-container elementor-column-gap-default\">\n\t\t\t\t\t<div class=\"elementor-column elementor-col-100 elementor-top-column elementor-element elementor-element-b30673b\" data-id=\"b30673b\" data-element_type=\"column\">\n\t\t\t<div class=\"elementor-widget-wrap elementor-element-populated\">\n\t\t\t\t\t\t<section class=\"elementor-section elementor-inner-section elementor-element elementor-element-0df1e9a elementor-section-boxed elementor-section-height-default elementor-section-height-default\" data-id=\"0df1e9a\" data-element_type=\"section\">\n\t\t\t\t\t\t<div class=\"elementor-container elementor-column-gap-default\">\n\t\t\t\t\t<div class=\"elementor-column elementor-col-50 elementor-inner-column elementor-element elementor-element-9f30da4\" data-id=\"9f30da4\" data-element_type=\"column\">\n\t\t\t<div class=\"elementor-widget-wrap elementor-element-populated\">\n\t\t\t\t\t\t<div class=\"elementor-element elementor-element-64c257e elementor-widget elementor-widget-cz_title\" data-id=\"64c257e\" data-element_type=\"widget\" data-widget_type=\"cz_title.default\">\n\t\t\t\t<div class=\"elementor-widget-container\">\n\t\t\t\t\t\t\r\n\t\t<div>\r\n\t\t\t<div class=\"cz_title clr cz_mobile_text_center cz_title_pos_inline\"><div class=\"cz_title_content\"><div class=\"cz_wpe_content\"><h3><span style=\"font-size: 40px;\"><span style=\"color: #39869e;\">Contact us<\/span>  Ask all your questions.  <\/span><\/h3>\n<p><span style=\"font-size: 24px; color: #aaaaaa;\">We are here to help you.<\/span><\/p>\n<\/div><\/div><\/div>\r\n\t\t<\/div>\r\n\t\t\r\n\t\t\t\t\t\t<\/div>\n\t\t\t\t<\/div>\n\t\t\t\t\t<\/div>\n\t\t<\/div>\n\t\t\t\t<div class=\"elementor-column elementor-col-50 elementor-inner-column elementor-element elementor-element-6c2c5b2\" data-id=\"6c2c5b2\" data-element_type=\"column\">\n\t\t\t<div class=\"elementor-widget-wrap elementor-element-populated\">\n\t\t\t\t\t\t<div class=\"elementor-element elementor-element-0da46e0 elementor-widget elementor-widget-cz_button\" data-id=\"0da46e0\" data-element_type=\"widget\" data-widget_type=\"cz_button.default\">\n\t\t\t\t<div class=\"elementor-widget-container\">\n\t\t\t\t\t\t\t<div class=\"cz_btn_center\">\r\n\t\t\t<div>\r\n\t\t\t\t<a href=\"https:\/\/www.cocukpsikiyatricuneytozcan.com\/iletisim\/\" class=\"cz_btn cz_btn_txt_no_fx cz_btn_no_fx\">\r\n\r\n\t\t\t\t\t<span><i class=\"fas fa-phone-alt\"><\/i>\t\t\t\t\t\t<strong>Contact Us\t\t\t\t\t\t\t\t\t\t\t\t\t<\/strong>\r\n\t\t\t\t\t\t\t\t\t\t\t<\/span>\r\n\r\n\t\t\t\t\t<b class=\"cz_btn_onhover\">\r\n\t\t\t\t\t\t<i class=\"fas fa-phone-alt\"><\/i>\t\t\t\t\t\t<strong>\r\n\t\t\t\t\t\t\tContact Us\t\t\t\t\t\t\t\t\t\t\t\t\t<\/strong>\r\n\t\t\t\t\t\t\t\t\t\t\t<\/b>\r\n\r\n\t\t\t\t<\/a>\r\n\t\t\t<\/div>\r\n\t\t<\/div> \t\t\t\t\t\t<\/div>\n\t\t\t\t<\/div>\n\t\t\t\t\t<\/div>\n\t\t<\/div>\n\t\t\t\t\t<\/div>\n\t\t<\/section>\n\t\t\t\t\t<\/div>\n\t\t<\/div>\n\t\t\t\t\t<\/div>\n\t\t<\/section>\n\t\t\t\t<\/div>\n\t\t<div style='text-align:center' class='yasr-auto-insert-visitor'><\/div>","protected":false},"excerpt":{"rendered":"<p>What is the WISC-IV Intelligence Test? The Wechsler Intelligence Scale for &#8230; <\/p>\n","protected":false},"author":1,"featured_media":0,"parent":0,"menu_order":0,"comment_status":"closed","ping_status":"closed","template":"","meta":{"yasr_overall_rating":0,"yasr_post_is_review":"","yasr_auto_insert_disabled":"","yasr_review_type":"","footnotes":""},"class_list":["post-4292","page","type-page","status-publish","hentry"],"yasr_visitor_votes":{"stars_attributes":{"read_only":false,"span_bottom":false},"number_of_votes":0,"sum_votes":0},"_links":{"self":[{"href":"https:\/\/www.cocukpsikiyatricuneytozcan.com\/en\/wp-json\/wp\/v2\/pages\/4292","targetHints":{"allow":["GET"]}}],"collection":[{"href":"https:\/\/www.cocukpsikiyatricuneytozcan.com\/en\/wp-json\/wp\/v2\/pages"}],"about":[{"href":"https:\/\/www.cocukpsikiyatricuneytozcan.com\/en\/wp-json\/wp\/v2\/types\/page"}],"author":[{"embeddable":true,"href":"https:\/\/www.cocukpsikiyatricuneytozcan.com\/en\/wp-json\/wp\/v2\/users\/1"}],"replies":[{"embeddable":true,"href":"https:\/\/www.cocukpsikiyatricuneytozcan.com\/en\/wp-json\/wp\/v2\/comments?post=4292"}],"version-history":[{"count":1,"href":"https:\/\/www.cocukpsikiyatricuneytozcan.com\/en\/wp-json\/wp\/v2\/pages\/4292\/revisions"}],"predecessor-version":[{"id":4293,"href":"https:\/\/www.cocukpsikiyatricuneytozcan.com\/en\/wp-json\/wp\/v2\/pages\/4292\/revisions\/4293"}],"wp:attachment":[{"href":"https:\/\/www.cocukpsikiyatricuneytozcan.com\/en\/wp-json\/wp\/v2\/media?parent=4292"}],"curies":[{"name":"wp","href":"https:\/\/api.w.org\/{rel}","templated":true}]}}