{"id":4283,"date":"2023-01-30T14:38:38","date_gmt":"2023-01-30T11:38:38","guid":{"rendered":"https:\/\/www.cocukpsikiyatricuneytozcan.com\/moxo-attention-test\/"},"modified":"2025-02-05T15:10:05","modified_gmt":"2025-02-05T12:10:05","slug":"moxo-attention-test","status":"publish","type":"page","link":"https:\/\/www.cocukpsikiyatricuneytozcan.com\/en\/moxo-attention-test\/","title":{"rendered":"MOXO Attention Test"},"content":{"rendered":"\t\t<div data-elementor-type=\"wp-page\" data-elementor-id=\"4283\" class=\"elementor elementor-4283 elementor-1480\">\n\t\t\t\t\t\t<section class=\"elementor-section elementor-top-section elementor-element elementor-element-7bda3cd elementor-section-boxed elementor-section-height-default elementor-section-height-default\" data-id=\"7bda3cd\" data-element_type=\"section\">\n\t\t\t\t\t\t<div class=\"elementor-container elementor-column-gap-default\">\n\t\t\t\t\t<div class=\"elementor-column elementor-col-100 elementor-top-column elementor-element elementor-element-cce01a2\" data-id=\"cce01a2\" data-element_type=\"column\">\n\t\t\t<div class=\"elementor-widget-wrap elementor-element-populated\">\n\t\t\t\t\t\t<div class=\"elementor-element elementor-element-43fe4be elementor-widget elementor-widget-heading\" data-id=\"43fe4be\" data-element_type=\"widget\" data-widget_type=\"heading.default\">\n\t\t\t\t<div class=\"elementor-widget-container\">\n\t\t\t\t\t<h2 class=\"elementor-heading-title elementor-size-default\">What is the MOXO Attention Test?<\/h2>\t\t\t\t<\/div>\n\t\t\t\t<\/div>\n\t\t\t\t<div class=\"elementor-element elementor-element-af74b5e elementor-widget elementor-widget-text-editor\" data-id=\"af74b5e\" data-element_type=\"widget\" data-widget_type=\"text-editor.default\">\n\t\t\t\t<div class=\"elementor-widget-container\">\n\t\t\t\t\t\t\t\t\t<p style=\"font-weight: 400; text-align: left;\">MOXO attention measurement test is an &#8220;online&#8221; attention measurement test with visual and auditory distractors developed for children and adults (Attention-Deficit Hyperactivity Disorder), which helps in the diagnosis of Attention Deficit Hyperactivity Disorder. MOXO is a test that provides objective measurement of attention deficit, timing, impulsivity and hyperactivity.<\/p>\n<p style=\"font-weight: 400;\">If your child has these symptoms;<\/p>\n<ul>\n<li style=\"font-weight: 400;\">If he\/she is not successful in his\/her studies despite his\/her hard work<\/li>\n<li style=\"font-weight: 400;\">Has attention problems<\/li>\n<li style=\"font-weight: 400;\">Has problems with timing in exams<\/li>\n<li style=\"font-weight: 400;\">Can&#8217;t stand still, is often injured<\/li>\n<li style=\"font-weight: 400;\">Always goes to school late and always leaves home late<\/li>\n<\/ul>\n<p style=\"font-weight: 400;\">Young people and adults have the following symptoms;<\/p>\n<ul>\n<li style=\"font-weight: 400;\">Has difficulty listening to lessons at school<\/li>\n<li style=\"font-weight: 400;\">Stresses during exams and has timing problems<\/li>\n<li style=\"font-weight: 400;\">Fails to achieve the desired success in business life<\/li>\n<li style=\"font-weight: 400;\">Distracted in meetings<\/li>\n<li style=\"font-weight: 400;\">If he\/she has an accident because he\/she cannot concentrate in traffic<\/li>\n<\/ul>\n<p style=\"font-weight: 400;\">The Moxo test is the most reliable test for children, adolescents and adults with these symptoms. Children who are hyperactive at a young age and have the conditions mentioned above are usually recognized by their parents at primary school age. <\/p>\n<p style=\"font-weight: 400;\">It is important to recognize and intervene at an early age. Otherwise, it may cause children to face problems in their adolescence and later years. <\/p>\n<p style=\"font-weight: 400;\">There are two different forms of the Moxo Attention Test: Child and Youth &amp; Adult.<\/p>\n<p style=\"font-weight: 400;\"><strong style=\"font-weight: 700 !important;\">MOXO Child test;<\/strong><\/p>\n<p style=\"font-weight: 400;\">Specifically designed for children aged 6-12 years, it serves as an auxiliary tool for specialists in the diagnosis of attention deficit hyperactivity disorder and patient observation processes. The MOXO Children&#8217;s Test is a short online test with a variety of stimuli and distractors. <\/p>\n<p style=\"font-weight: 400;\"><strong style=\"font-weight: 700 !important;\">MOXO Young-Adult test;<\/strong><\/p>\n<p style=\"font-weight: 400;\">Covering the age range of 13-65, it is a tool that helps Child and Adult Psychiatry Specialists to evaluate the attention profile of the patient during the diagnosis of Attention Deficit Hyperactivity Disorder and patient observation processes. With its unique distracter system, it models the environmental conditions that the individual encounters in daily life. <\/p>\n<div>\n<p>WISC-IV consists of subtests of 4 mental skills clusters: verbal comprehension, perceptual reasoning, working memory and processing speed. The estimated duration of application varies between 90 and 120 minutes, depending on the child&#8217;s work rate.  <\/p>\n<p>Children who will take the WISC-IV test need to do some things before the test. These include listening, being full and getting a good night&#8217;s sleep. Clothes that will be comfortable on the test day should be preferred. It is important to avoid words and behaviors that make the child anxious. It is better not to give the child any information about the test. It is not necessary to give the child any information about the test beforehand. Because the psychologist gives the child the most accurate information.<\/p>\n<p><\/p>\n<\/div>\n\t\t\t\t\t\t\t\t<\/div>\n\t\t\t\t<\/div>\n\t\t\t\t\t<\/div>\n\t\t<\/div>\n\t\t\t\t\t<\/div>\n\t\t<\/section>\n\t\t\t\t<section class=\"elementor-section elementor-top-section elementor-element elementor-element-b35ff16 elementor-section-boxed elementor-section-height-default elementor-section-height-default\" data-id=\"b35ff16\" data-element_type=\"section\">\n\t\t\t\t\t\t<div class=\"elementor-container elementor-column-gap-default\">\n\t\t\t\t\t<div class=\"elementor-column elementor-col-100 elementor-top-column elementor-element elementor-element-d36fef1\" data-id=\"d36fef1\" data-element_type=\"column\">\n\t\t\t<div class=\"elementor-widget-wrap elementor-element-populated\">\n\t\t\t\t\t\t<div class=\"elementor-element elementor-element-7c6e283 elementor-widget elementor-widget-cz_image\" data-id=\"7c6e283\" data-element_type=\"widget\" data-widget_type=\"cz_image.default\">\n\t\t\t\t<div class=\"elementor-widget-container\">\n\t\t\t\t\t\r\n\t\t<div class=\"cz_image clr cz_image_no_fx center_on_mobile\" data-position=\"\">\r\n\r\n\t\t\t<div>\r\n\r\n\t\t\t\t<div class=\"cz_image_in\">\r\n\r\n\t\t\t\t\t<div class=\"cz_main_image\"><img decoding=\"async\" width=\"160\" height=\"160\" src=\"https:\/\/www.cocukpsikiyatricuneytozcan.com\/wp-content\/uploads\/2019\/12\/user.png\" class=\"attachment-full size-full wp-image-1190\" alt=\"\" srcset=\"https:\/\/www.cocukpsikiyatricuneytozcan.com\/wp-content\/uploads\/2019\/12\/user.png 160w, https:\/\/www.cocukpsikiyatricuneytozcan.com\/wp-content\/uploads\/2019\/12\/user-100x100.png 100w, https:\/\/www.cocukpsikiyatricuneytozcan.com\/wp-content\/uploads\/2019\/12\/user-150x150.png 150w\" sizes=\"(max-width: 160px) 100vw, 160px\" \/><\/div>\r\n\r\n\t\t\t\t\t<div class=\"cz_hover_image\"><img decoding=\"async\" width=\"160\" height=\"160\" src=\"https:\/\/www.cocukpsikiyatricuneytozcan.com\/wp-content\/uploads\/2019\/12\/user.png\" class=\"attachment-full size-full wp-image-1190\" alt=\"\" srcset=\"https:\/\/www.cocukpsikiyatricuneytozcan.com\/wp-content\/uploads\/2019\/12\/user.png 160w, https:\/\/www.cocukpsikiyatricuneytozcan.com\/wp-content\/uploads\/2019\/12\/user-100x100.png 100w, https:\/\/www.cocukpsikiyatricuneytozcan.com\/wp-content\/uploads\/2019\/12\/user-150x150.png 150w\" sizes=\"(max-width: 160px) 100vw, 160px\" \/><\/div>\r\n\t\t\t\t<\/div>\r\n\r\n\t\t\t\t\r\n\t\t\t<\/div>\r\n\r\n\t\t<\/div>\r\n\r\n\t\t\t\t\t<\/div>\n\t\t\t\t<\/div>\n\t\t\t\t<div class=\"elementor-element elementor-element-fc0788a elementor-widget elementor-widget-cz_title\" data-id=\"fc0788a\" data-element_type=\"widget\" data-widget_type=\"cz_title.default\">\n\t\t\t\t<div class=\"elementor-widget-container\">\n\t\t\t\t\t\t\r\n\t\t<div>\r\n\t\t\t<div class=\"cz_title clr cz_mobile_text_center cz_title_pos_inline tac\"><div class=\"cz_title_content\"><div class=\"cz_wpe_content\"><p style=\"text-align: center;\"><span style=\"letter-spacing: 6px; color: #01849f;\">CONTACT US<\/span><\/p>\n<\/div><\/div><\/div>\r\n\t\t<\/div>\r\n\t\t\r\n\t\t\t\t\t\t<\/div>\n\t\t\t\t<\/div>\n\t\t\t\t<div class=\"elementor-element elementor-element-d4216aa elementor-widget elementor-widget-cz_title\" data-id=\"d4216aa\" data-element_type=\"widget\" data-widget_type=\"cz_title.default\">\n\t\t\t\t<div class=\"elementor-widget-container\">\n\t\t\t\t\t\t\r\n\t\t<div>\r\n\t\t\t<div class=\"cz_title clr cz_mobile_text_center cz_title_pos_inline tac\"><div class=\"cz_title_content\"><div class=\"cz_wpe_content\"><h3 style=\"text-align: center;\"><span style=\"font-size: 48px;\">Fill Form Now<\/span><\/h3>\n<\/div><\/div><\/div>\r\n\t\t<\/div>\r\n\t\t\r\n\t\t\t\t\t\t<\/div>\n\t\t\t\t<\/div>\n\t\t\t\t<div class=\"elementor-element elementor-element-9a37c36 elementor-widget elementor-widget-cz_title\" data-id=\"9a37c36\" data-element_type=\"widget\" data-widget_type=\"cz_title.default\">\n\t\t\t\t<div class=\"elementor-widget-container\">\n\t\t\t\t\t\t\r\n\t\t<div>\r\n\t\t\t<div class=\"cz_title clr cz_title_pos_inline tac\"><div class=\"cz_title_content\"><div class=\"cz_wpe_content\"><p style=\"text-align: center;\"><span style=\"font-size: 18px; color: #999;\">You can contact us by filling out the form for Child and Adolescent Psychiatry and Psychotherapy.<\/span><\/p>\n<\/div><\/div><\/div>\r\n\t\t<\/div>\r\n\t\t\r\n\t\t\t\t\t\t<\/div>\n\t\t\t\t<\/div>\n\t\t\t\t<div class=\"elementor-element elementor-element-9f59f1a elementor-widget elementor-widget-cz_gap\" data-id=\"9f59f1a\" data-element_type=\"widget\" data-widget_type=\"cz_gap.default\">\n\t\t\t\t<div class=\"elementor-widget-container\">\n\t\t\t\t\t<div class=\"cz_gap clr\"><\/div>\t\t\t\t<\/div>\n\t\t\t\t<\/div>\n\t\t\t\t\t<\/div>\n\t\t<\/div>\n\t\t\t\t\t<\/div>\n\t\t<\/section>\n\t\t\t\t<section class=\"elementor-section elementor-top-section elementor-element elementor-element-a36a238 elementor-section-boxed elementor-section-height-default elementor-section-height-default\" data-id=\"a36a238\" data-element_type=\"section\">\n\t\t\t\t\t\t<div class=\"elementor-container elementor-column-gap-default\">\n\t\t\t\t\t<div class=\"elementor-column elementor-col-33 elementor-top-column elementor-element elementor-element-ba9c87c\" data-id=\"ba9c87c\" data-element_type=\"column\">\n\t\t\t<div class=\"elementor-widget-wrap\">\n\t\t\t\t\t\t\t<\/div>\n\t\t<\/div>\n\t\t\t\t<div class=\"elementor-column elementor-col-33 elementor-top-column elementor-element elementor-element-d757b79\" data-id=\"d757b79\" data-element_type=\"column\">\n\t\t\t<div class=\"elementor-widget-wrap elementor-element-populated\">\n\t\t\t\t\t\t<div class=\"elementor-element elementor-element-1b8bd4e elementor-widget elementor-widget-cz_title\" data-id=\"1b8bd4e\" data-element_type=\"widget\" data-widget_type=\"cz_title.default\">\n\t\t\t\t<div class=\"elementor-widget-container\">\n\t\t\t\t\t\t\r\n\t\t<div>\r\n\t\t\t<div class=\"cz_title clr cz_title_has_icon cz_title_pos_inline\"><div class=\"cz_title_content\"><i class=\"cz_title_icon_before fa czico-006-speech-bubble-with-text-lines\"><\/i><div class=\"cz_wpe_content\"><h4>Reach out to us.<\/h4>\n<p>Do you have questions?<\/p>\n<\/div><\/div><\/div>\r\n\t\t<\/div>\r\n\t\t\r\n\t\t\t\t\t\t<\/div>\n\t\t\t\t<\/div>\n\t\t\t\t<div class=\"elementor-element elementor-element-9feb34a elementor-widget elementor-widget-cz_gap\" data-id=\"9feb34a\" data-element_type=\"widget\" data-widget_type=\"cz_gap.default\">\n\t\t\t\t<div class=\"elementor-widget-container\">\n\t\t\t\t\t<div class=\"cz_gap clr\"><\/div>\t\t\t\t<\/div>\n\t\t\t\t<\/div>\n\t\t\t\t<div class=\"elementor-element elementor-element-a309704 elementor-widget elementor-widget-cz_contact_form_7\" data-id=\"a309704\" data-element_type=\"widget\" data-widget_type=\"cz_contact_form_7.default\">\n\t\t\t\t<div class=\"elementor-widget-container\">\n\t\t\t\t\t\t\t<div class=\"cz_cf7 clr\">\r\n\t\t\t<div>\n<div class=\"wpcf7 no-js\" id=\"wpcf7-f3630-o1\" lang=\"tr-TR\" dir=\"ltr\" data-wpcf7-id=\"3630\">\n<div class=\"screen-reader-response\"><p role=\"status\" aria-live=\"polite\" aria-atomic=\"true\"><\/p> <ul><\/ul><\/div>\n<form action=\"\/en\/wp-json\/wp\/v2\/pages\/4283#wpcf7-f3630-o1\" method=\"post\" class=\"wpcf7-form init\" aria-label=\"\u0130leti\u015fim Formu\" novalidate=\"novalidate\" data-status=\"init\">\n<fieldset class=\"hidden-fields-container\"><input type=\"hidden\" name=\"_wpcf7\" value=\"3630\" \/><input type=\"hidden\" name=\"_wpcf7_version\" value=\"6.1.4\" \/><input type=\"hidden\" name=\"_wpcf7_locale\" value=\"tr_TR\" \/><input type=\"hidden\" name=\"_wpcf7_unit_tag\" value=\"wpcf7-f3630-o1\" \/><input type=\"hidden\" name=\"_wpcf7_container_post\" value=\"0\" \/><input type=\"hidden\" name=\"_wpcf7_posted_data_hash\" value=\"\" \/>\n<\/fieldset>\n<p><label> Ad\u0131n\u0131z Soyad\u0131n\u0131z<br \/>\n<span class=\"wpcf7-form-control-wrap\" data-name=\"your-name\"><input size=\"40\" maxlength=\"400\" class=\"wpcf7-form-control wpcf7-text wpcf7-validates-as-required\" autocomplete=\"name\" aria-required=\"true\" aria-invalid=\"false\" value=\"\" type=\"text\" name=\"your-name\" \/><\/span> <\/label>\n<\/p>\n<p><label> E-posta adresiniz<br \/>\n<span class=\"wpcf7-form-control-wrap\" data-name=\"your-email\"><input size=\"40\" maxlength=\"400\" class=\"wpcf7-form-control wpcf7-email wpcf7-validates-as-required wpcf7-text wpcf7-validates-as-email\" autocomplete=\"email\" aria-required=\"true\" aria-invalid=\"false\" value=\"\" type=\"email\" name=\"your-email\" \/><\/span> <\/label>\n<\/p>\n<p><label> Telefon<br \/>\n<span class=\"wpcf7-form-control-wrap\" data-name=\"your-subject\"><input size=\"40\" maxlength=\"400\" class=\"wpcf7-form-control wpcf7-text wpcf7-validates-as-required\" aria-required=\"true\" aria-invalid=\"false\" value=\"\" type=\"text\" name=\"your-subject\" \/><\/span> <\/label>\n<\/p>\n<p><label> Mesaj\u0131n\u0131z<br \/>\n<span class=\"wpcf7-form-control-wrap\" data-name=\"your-message\"><textarea cols=\"40\" rows=\"10\" maxlength=\"2000\" class=\"wpcf7-form-control wpcf7-textarea\" aria-invalid=\"false\" name=\"your-message\"><\/textarea><\/span> <\/label>\n<\/p>\n<p><input class=\"wpcf7-form-control wpcf7-submit has-spinner\" type=\"submit\" value=\"G\u00f6nder\" \/>\n<\/p><div class=\"wpcf7-response-output\" aria-hidden=\"true\"><\/div>\n<\/form>\n<\/div>\n<\/div>\r\n\t\t<\/div>\r\n\t\t\t\t\t\t<\/div>\n\t\t\t\t<\/div>\n\t\t\t\t\t<\/div>\n\t\t<\/div>\n\t\t\t\t<div class=\"elementor-column elementor-col-33 elementor-top-column elementor-element elementor-element-9c937b4\" data-id=\"9c937b4\" data-element_type=\"column\">\n\t\t\t<div class=\"elementor-widget-wrap\">\n\t\t\t\t\t\t\t<\/div>\n\t\t<\/div>\n\t\t\t\t\t<\/div>\n\t\t<\/section>\n\t\t\t\t<section class=\"elementor-section elementor-top-section elementor-element elementor-element-f417d0c elementor-section-boxed elementor-section-height-default elementor-section-height-default\" data-id=\"f417d0c\" data-element_type=\"section\">\n\t\t\t\t\t\t<div class=\"elementor-container elementor-column-gap-default\">\n\t\t\t\t\t<div class=\"elementor-column elementor-col-16 elementor-top-column elementor-element elementor-element-6fc1243\" data-id=\"6fc1243\" data-element_type=\"column\">\n\t\t\t<div class=\"elementor-widget-wrap\">\n\t\t\t\t\t\t\t<\/div>\n\t\t<\/div>\n\t\t\t\t<div class=\"elementor-column elementor-col-66 elementor-top-column elementor-element elementor-element-2f0aa76\" data-id=\"2f0aa76\" data-element_type=\"column\">\n\t\t\t<div class=\"elementor-widget-wrap elementor-element-populated\">\n\t\t\t\t\t\t<section class=\"elementor-section elementor-inner-section elementor-element elementor-element-d4bcd85 elementor-section-boxed elementor-section-height-default elementor-section-height-default\" data-id=\"d4bcd85\" data-element_type=\"section\">\n\t\t\t\t\t\t<div class=\"elementor-container elementor-column-gap-default\">\n\t\t\t\t\t<div class=\"elementor-column elementor-col-100 elementor-inner-column elementor-element elementor-element-59ebde6\" data-id=\"59ebde6\" data-element_type=\"column\">\n\t\t\t<div class=\"elementor-widget-wrap\">\n\t\t\t\t\t\t\t<\/div>\n\t\t<\/div>\n\t\t\t\t\t<\/div>\n\t\t<\/section>\n\t\t\t\t\t<\/div>\n\t\t<\/div>\n\t\t\t\t<div class=\"elementor-column elementor-col-16 elementor-top-column elementor-element elementor-element-785f2a7\" data-id=\"785f2a7\" data-element_type=\"column\">\n\t\t\t<div class=\"elementor-widget-wrap\">\n\t\t\t\t\t\t\t<\/div>\n\t\t<\/div>\n\t\t\t\t\t<\/div>\n\t\t<\/section>\n\t\t\t\t<section class=\"elementor-section elementor-top-section elementor-element elementor-element-cd6f9f8 elementor-section-boxed elementor-section-height-default elementor-section-height-default\" data-id=\"cd6f9f8\" data-element_type=\"section\">\n\t\t\t\t\t\t<div class=\"elementor-container elementor-column-gap-default\">\n\t\t\t\t\t<div class=\"elementor-column elementor-col-100 elementor-top-column elementor-element elementor-element-1b11594\" data-id=\"1b11594\" data-element_type=\"column\">\n\t\t\t<div class=\"elementor-widget-wrap elementor-element-populated\">\n\t\t\t\t\t\t<div class=\"elementor-element elementor-element-dada001 elementor-widget elementor-widget-cz_gap\" data-id=\"dada001\" data-element_type=\"widget\" data-widget_type=\"cz_gap.default\">\n\t\t\t\t<div class=\"elementor-widget-container\">\n\t\t\t\t\t<div class=\"cz_gap clr\"><\/div>\t\t\t\t<\/div>\n\t\t\t\t<\/div>\n\t\t\t\t\t<\/div>\n\t\t<\/div>\n\t\t\t\t\t<\/div>\n\t\t<\/section>\n\t\t\t\t<section class=\"elementor-section elementor-top-section elementor-element elementor-element-069c41b elementor-section-boxed elementor-section-height-default elementor-section-height-default\" data-id=\"069c41b\" data-element_type=\"section\">\n\t\t\t\t\t\t<div class=\"elementor-container elementor-column-gap-default\">\n\t\t\t\t\t<div class=\"elementor-column elementor-col-100 elementor-top-column elementor-element elementor-element-a7665c0\" data-id=\"a7665c0\" data-element_type=\"column\">\n\t\t\t<div class=\"elementor-widget-wrap elementor-element-populated\">\n\t\t\t\t\t\t<section class=\"elementor-section elementor-inner-section elementor-element elementor-element-26be0b0 elementor-section-boxed elementor-section-height-default elementor-section-height-default\" data-id=\"26be0b0\" data-element_type=\"section\">\n\t\t\t\t\t\t<div class=\"elementor-container elementor-column-gap-default\">\n\t\t\t\t\t<div class=\"elementor-column elementor-col-50 elementor-inner-column elementor-element elementor-element-edb410d\" data-id=\"edb410d\" data-element_type=\"column\">\n\t\t\t<div class=\"elementor-widget-wrap elementor-element-populated\">\n\t\t\t\t\t\t<div class=\"elementor-element elementor-element-5899e72 elementor-widget elementor-widget-cz_title\" data-id=\"5899e72\" data-element_type=\"widget\" data-widget_type=\"cz_title.default\">\n\t\t\t\t<div class=\"elementor-widget-container\">\n\t\t\t\t\t\t\r\n\t\t<div>\r\n\t\t\t<div class=\"cz_title clr cz_mobile_text_center cz_title_pos_inline\"><div class=\"cz_title_content\"><div class=\"cz_wpe_content\"><h3><span style=\"font-size: 40px;\"><span style=\"color: #39869e;\">Contact us<\/span>  Ask all your questions.  <\/span><\/h3>\n<p><span style=\"font-size: 24px; color: #aaaaaa;\">We are here to help you.<\/span><\/p>\n<\/div><\/div><\/div>\r\n\t\t<\/div>\r\n\t\t\r\n\t\t\t\t\t\t<\/div>\n\t\t\t\t<\/div>\n\t\t\t\t\t<\/div>\n\t\t<\/div>\n\t\t\t\t<div class=\"elementor-column elementor-col-50 elementor-inner-column elementor-element elementor-element-a64ed02\" data-id=\"a64ed02\" data-element_type=\"column\">\n\t\t\t<div class=\"elementor-widget-wrap elementor-element-populated\">\n\t\t\t\t\t\t<div class=\"elementor-element elementor-element-acede6a elementor-widget elementor-widget-cz_button\" data-id=\"acede6a\" data-element_type=\"widget\" data-widget_type=\"cz_button.default\">\n\t\t\t\t<div class=\"elementor-widget-container\">\n\t\t\t\t\t\t\t<div class=\"cz_btn_center\">\r\n\t\t\t<div>\r\n\t\t\t\t<a href=\"https:\/\/www.cocukpsikiyatricuneytozcan.com\/iletisim\/\" class=\"cz_btn cz_btn_txt_no_fx cz_btn_no_fx\">\r\n\r\n\t\t\t\t\t<span><i class=\"fas fa-phone-alt\"><\/i>\t\t\t\t\t\t<strong>Contact Us\t\t\t\t\t\t\t\t\t\t\t\t\t<\/strong>\r\n\t\t\t\t\t\t\t\t\t\t\t<\/span>\r\n\r\n\t\t\t\t\t<b class=\"cz_btn_onhover\">\r\n\t\t\t\t\t\t<i class=\"fas fa-phone-alt\"><\/i>\t\t\t\t\t\t<strong>\r\n\t\t\t\t\t\t\tContact Us\t\t\t\t\t\t\t\t\t\t\t\t\t<\/strong>\r\n\t\t\t\t\t\t\t\t\t\t\t<\/b>\r\n\r\n\t\t\t\t<\/a>\r\n\t\t\t<\/div>\r\n\t\t<\/div> \t\t\t\t\t\t<\/div>\n\t\t\t\t<\/div>\n\t\t\t\t\t<\/div>\n\t\t<\/div>\n\t\t\t\t\t<\/div>\n\t\t<\/section>\n\t\t\t\t\t<\/div>\n\t\t<\/div>\n\t\t\t\t\t<\/div>\n\t\t<\/section>\n\t\t\t\t<\/div>\n\t\t<div style='text-align:center' class='yasr-auto-insert-visitor'><\/div>","protected":false},"excerpt":{"rendered":"<p>What is the MOXO Attention Test? MOXO attention measurement test is &#8230; <\/p>\n","protected":false},"author":1,"featured_media":0,"parent":0,"menu_order":0,"comment_status":"closed","ping_status":"closed","template":"","meta":{"yasr_overall_rating":0,"yasr_post_is_review":"","yasr_auto_insert_disabled":"","yasr_review_type":"","footnotes":""},"class_list":["post-4283","page","type-page","status-publish","hentry"],"yasr_visitor_votes":{"stars_attributes":{"read_only":false,"span_bottom":false},"number_of_votes":0,"sum_votes":0},"_links":{"self":[{"href":"https:\/\/www.cocukpsikiyatricuneytozcan.com\/en\/wp-json\/wp\/v2\/pages\/4283","targetHints":{"allow":["GET"]}}],"collection":[{"href":"https:\/\/www.cocukpsikiyatricuneytozcan.com\/en\/wp-json\/wp\/v2\/pages"}],"about":[{"href":"https:\/\/www.cocukpsikiyatricuneytozcan.com\/en\/wp-json\/wp\/v2\/types\/page"}],"author":[{"embeddable":true,"href":"https:\/\/www.cocukpsikiyatricuneytozcan.com\/en\/wp-json\/wp\/v2\/users\/1"}],"replies":[{"embeddable":true,"href":"https:\/\/www.cocukpsikiyatricuneytozcan.com\/en\/wp-json\/wp\/v2\/comments?post=4283"}],"version-history":[{"count":1,"href":"https:\/\/www.cocukpsikiyatricuneytozcan.com\/en\/wp-json\/wp\/v2\/pages\/4283\/revisions"}],"predecessor-version":[{"id":4284,"href":"https:\/\/www.cocukpsikiyatricuneytozcan.com\/en\/wp-json\/wp\/v2\/pages\/4283\/revisions\/4284"}],"wp:attachment":[{"href":"https:\/\/www.cocukpsikiyatricuneytozcan.com\/en\/wp-json\/wp\/v2\/media?parent=4283"}],"curies":[{"name":"wp","href":"https:\/\/api.w.org\/{rel}","templated":true}]}}