{"id":4281,"date":"2023-01-30T14:39:03","date_gmt":"2023-01-30T11:39:03","guid":{"rendered":"https:\/\/www.cocukpsikiyatricuneytozcan.com\/mmpi-multiphasic-personality-inventory\/"},"modified":"2025-02-05T15:09:48","modified_gmt":"2025-02-05T12:09:48","slug":"mmpi-multiphasic-personality-inventory","status":"publish","type":"page","link":"https:\/\/www.cocukpsikiyatricuneytozcan.com\/en\/mmpi-multiphasic-personality-inventory\/","title":{"rendered":"MMPI- Multiphasic Personality Inventory"},"content":{"rendered":"\t\t<div data-elementor-type=\"wp-page\" data-elementor-id=\"4281\" class=\"elementor elementor-4281 elementor-1482\">\n\t\t\t\t\t\t<section class=\"elementor-section elementor-top-section elementor-element elementor-element-ef3f031 elementor-section-boxed elementor-section-height-default elementor-section-height-default\" data-id=\"ef3f031\" data-element_type=\"section\">\n\t\t\t\t\t\t<div class=\"elementor-container elementor-column-gap-default\">\n\t\t\t\t\t<div class=\"elementor-column elementor-col-100 elementor-top-column elementor-element elementor-element-88768ac\" data-id=\"88768ac\" data-element_type=\"column\">\n\t\t\t<div class=\"elementor-widget-wrap elementor-element-populated\">\n\t\t\t\t\t\t<div class=\"elementor-element elementor-element-584e6a7 elementor-widget elementor-widget-heading\" data-id=\"584e6a7\" data-element_type=\"widget\" data-widget_type=\"heading.default\">\n\t\t\t\t<div class=\"elementor-widget-container\">\n\t\t\t\t\t<h2 class=\"elementor-heading-title elementor-size-default\">What is the MMPI - Multiphasic Personality Inventory?<\/h2>\t\t\t\t<\/div>\n\t\t\t\t<\/div>\n\t\t\t\t<div class=\"elementor-element elementor-element-10d5cfc elementor-widget elementor-widget-text-editor\" data-id=\"10d5cfc\" data-element_type=\"widget\" data-widget_type=\"text-editor.default\">\n\t\t\t\t<div class=\"elementor-widget-container\">\n\t\t\t\t\t\t\t\t\t<p style=\"font-weight: 400; text-align: left;\">The Minnesota Multiphasic Personality Inventory is the most widely used adult psychopathology and personality test in the world. Various mental health professionals and psychologists use the MMPI inventory to make a differential diagnosis, formulate a treatment plan or select the right person for the job in personnel selection. <\/p>\n<p style=\"font-weight: 400; text-align: left;\">Forensic psychologists administer the MMPI to people who have committed a crime or are suspected of having committed a crime within the framework of legal procedure.<\/p>\n<p style=\"font-weight: 400;\">It has a feature that can reveal the personality traits of the applied individual using objective and scientific criteria. It is a paper and pencil test. It can be applied individually and as a group. It is applied to individuals over 16 years of age with at least secondary education level. There is no time limit. It can be applied in 1.5-2 hours.     <\/p>\n<p style=\"font-weight: 400;\">The inventory has 566 items, 10 clinical and 3 validity subtests, which aim to measure health, psychosomatic symptoms, motor disorders, sexual, religious, political and social attitudes, educational, family and marital problems, and various neurotic and psychotic tendencies. It is self-reported as &#8220;true&#8221; or &#8220;false&#8221;. <\/p>\n<p style=\"font-weight: 400;\"><strong style=\"font-weight: 700 !important;\">What is the MMPI Personality test used for other than diagnosing a disease?<\/strong><\/p>\n<ul style=\"font-weight: 400;\">\n<li>The MMPI Multiphasic Personality Inventory is not just a test to measure the presence of illness or psychological problems.<\/li>\n<li>In addition to determining whether the person has psychological problems in the test applied, it can determine what kind of person the person is in general, and it can also reveal the normal personality traits of the person applied.<\/li>\n<li>In this context, it can also be used to determine whether couples who are thinking of getting married are suitable for each other in terms of personality or to determine job suitability in recruitment.<\/li>\n<li>The MMPI is a personality test and measurement tool designed to help assess a wide range of disorders, but it is also effective in measuring personality traits.<\/li>\n<\/ul>\n<p style=\"font-weight: 400;\"><strong style=\"font-weight: 700 !important;\">For what purpose is the MMPI Personality test administered in the workplace?<\/strong><\/p>\n<ul>\n<li style=\"font-weight: 400;\">The MMPI personality test is one of the most reliable tests for recruitment;<\/li>\n<li style=\"font-weight: 400;\">The MMPI test is also used by large companies when recruiting new employees or to assess the suitability of existing employees and to identify areas for development.<\/li>\n<li style=\"font-weight: 400;\">The personality test can also be used to determine the areas in which the personnel will be productive, to ensure the motivation of the personnel, to guide the personnel, to recognize their interests, to identify their weaknesses, and to identify the need for training.<\/li>\n<\/ul>\n<div>\n<p>WISC-IV consists of subtests of 4 mental skills clusters: verbal comprehension, perceptual reasoning, working memory and processing speed. The estimated duration of application varies between 90 and 120 minutes, depending on the child&#8217;s work rate.  <\/p>\n<p>Children who will take the WISC-IV test need to do some things before the test. These include listening, being full and getting a good night&#8217;s sleep. Clothes that will be comfortable on the test day should be preferred. It is important to avoid words and behaviors that make the child anxious.<\/p>\n<p>It is better not to give the child any information about the test. It is not necessary to give the child any information about the test beforehand. Because the psychologist gives the child the most accurate information.<\/p>\n<p><\/p>\n<\/div>\n\t\t\t\t\t\t\t\t<\/div>\n\t\t\t\t<\/div>\n\t\t\t\t\t<\/div>\n\t\t<\/div>\n\t\t\t\t\t<\/div>\n\t\t<\/section>\n\t\t\t\t<section class=\"elementor-section elementor-top-section elementor-element elementor-element-fbf527c elementor-section-boxed elementor-section-height-default elementor-section-height-default\" data-id=\"fbf527c\" data-element_type=\"section\">\n\t\t\t\t\t\t<div class=\"elementor-container elementor-column-gap-default\">\n\t\t\t\t\t<div class=\"elementor-column elementor-col-100 elementor-top-column elementor-element elementor-element-02c23d2\" data-id=\"02c23d2\" data-element_type=\"column\">\n\t\t\t<div class=\"elementor-widget-wrap elementor-element-populated\">\n\t\t\t\t\t\t<div class=\"elementor-element elementor-element-6dead32 elementor-widget elementor-widget-cz_image\" data-id=\"6dead32\" data-element_type=\"widget\" data-widget_type=\"cz_image.default\">\n\t\t\t\t<div class=\"elementor-widget-container\">\n\t\t\t\t\t\r\n\t\t<div class=\"cz_image clr cz_image_no_fx center_on_mobile\" data-position=\"\">\r\n\r\n\t\t\t<div>\r\n\r\n\t\t\t\t<div class=\"cz_image_in\">\r\n\r\n\t\t\t\t\t<div class=\"cz_main_image\"><img decoding=\"async\" width=\"160\" height=\"160\" src=\"https:\/\/www.cocukpsikiyatricuneytozcan.com\/wp-content\/uploads\/2019\/12\/user.png\" class=\"attachment-full size-full wp-image-1190\" alt=\"\" srcset=\"https:\/\/www.cocukpsikiyatricuneytozcan.com\/wp-content\/uploads\/2019\/12\/user.png 160w, https:\/\/www.cocukpsikiyatricuneytozcan.com\/wp-content\/uploads\/2019\/12\/user-100x100.png 100w, https:\/\/www.cocukpsikiyatricuneytozcan.com\/wp-content\/uploads\/2019\/12\/user-150x150.png 150w\" sizes=\"(max-width: 160px) 100vw, 160px\" \/><\/div>\r\n\r\n\t\t\t\t\t<div class=\"cz_hover_image\"><img decoding=\"async\" width=\"160\" height=\"160\" src=\"https:\/\/www.cocukpsikiyatricuneytozcan.com\/wp-content\/uploads\/2019\/12\/user.png\" class=\"attachment-full size-full wp-image-1190\" alt=\"\" srcset=\"https:\/\/www.cocukpsikiyatricuneytozcan.com\/wp-content\/uploads\/2019\/12\/user.png 160w, https:\/\/www.cocukpsikiyatricuneytozcan.com\/wp-content\/uploads\/2019\/12\/user-100x100.png 100w, https:\/\/www.cocukpsikiyatricuneytozcan.com\/wp-content\/uploads\/2019\/12\/user-150x150.png 150w\" sizes=\"(max-width: 160px) 100vw, 160px\" \/><\/div>\r\n\t\t\t\t<\/div>\r\n\r\n\t\t\t\t\r\n\t\t\t<\/div>\r\n\r\n\t\t<\/div>\r\n\r\n\t\t\t\t\t<\/div>\n\t\t\t\t<\/div>\n\t\t\t\t<div class=\"elementor-element elementor-element-1449a2f elementor-widget elementor-widget-cz_title\" data-id=\"1449a2f\" data-element_type=\"widget\" data-widget_type=\"cz_title.default\">\n\t\t\t\t<div class=\"elementor-widget-container\">\n\t\t\t\t\t\t\r\n\t\t<div>\r\n\t\t\t<div class=\"cz_title clr cz_mobile_text_center cz_title_pos_inline tac\"><div class=\"cz_title_content\"><div class=\"cz_wpe_content\"><p style=\"text-align: center;\"><span style=\"letter-spacing: 6px; color: #01849f;\">CONTACT US<\/span><\/p>\n<\/div><\/div><\/div>\r\n\t\t<\/div>\r\n\t\t\r\n\t\t\t\t\t\t<\/div>\n\t\t\t\t<\/div>\n\t\t\t\t<div class=\"elementor-element elementor-element-bc9b358 elementor-widget elementor-widget-cz_title\" data-id=\"bc9b358\" data-element_type=\"widget\" data-widget_type=\"cz_title.default\">\n\t\t\t\t<div class=\"elementor-widget-container\">\n\t\t\t\t\t\t\r\n\t\t<div>\r\n\t\t\t<div class=\"cz_title clr cz_mobile_text_center cz_title_pos_inline tac\"><div class=\"cz_title_content\"><div class=\"cz_wpe_content\"><h3 style=\"text-align: center;\"><span style=\"font-size: 48px;\">Fill Form Now<\/span><\/h3>\n<\/div><\/div><\/div>\r\n\t\t<\/div>\r\n\t\t\r\n\t\t\t\t\t\t<\/div>\n\t\t\t\t<\/div>\n\t\t\t\t<div class=\"elementor-element elementor-element-cc7b28c elementor-widget elementor-widget-cz_title\" data-id=\"cc7b28c\" data-element_type=\"widget\" data-widget_type=\"cz_title.default\">\n\t\t\t\t<div class=\"elementor-widget-container\">\n\t\t\t\t\t\t\r\n\t\t<div>\r\n\t\t\t<div class=\"cz_title clr cz_title_pos_inline tac\"><div class=\"cz_title_content\"><div class=\"cz_wpe_content\"><p style=\"text-align: center;\"><span style=\"font-size: 18px; color: #999;\">You can contact us by filling out the form for Child and Adolescent Psychiatry and Psychotherapy.<\/span><\/p>\n<\/div><\/div><\/div>\r\n\t\t<\/div>\r\n\t\t\r\n\t\t\t\t\t\t<\/div>\n\t\t\t\t<\/div>\n\t\t\t\t<div class=\"elementor-element elementor-element-c082936 elementor-widget elementor-widget-cz_gap\" data-id=\"c082936\" data-element_type=\"widget\" data-widget_type=\"cz_gap.default\">\n\t\t\t\t<div class=\"elementor-widget-container\">\n\t\t\t\t\t<div class=\"cz_gap clr\"><\/div>\t\t\t\t<\/div>\n\t\t\t\t<\/div>\n\t\t\t\t\t<\/div>\n\t\t<\/div>\n\t\t\t\t\t<\/div>\n\t\t<\/section>\n\t\t\t\t<section class=\"elementor-section elementor-top-section elementor-element elementor-element-501eaa7 elementor-section-boxed elementor-section-height-default elementor-section-height-default\" data-id=\"501eaa7\" data-element_type=\"section\">\n\t\t\t\t\t\t<div class=\"elementor-container elementor-column-gap-default\">\n\t\t\t\t\t<div class=\"elementor-column elementor-col-33 elementor-top-column elementor-element elementor-element-5151af5\" data-id=\"5151af5\" data-element_type=\"column\">\n\t\t\t<div class=\"elementor-widget-wrap\">\n\t\t\t\t\t\t\t<\/div>\n\t\t<\/div>\n\t\t\t\t<div class=\"elementor-column elementor-col-33 elementor-top-column elementor-element elementor-element-179fa02\" data-id=\"179fa02\" data-element_type=\"column\">\n\t\t\t<div class=\"elementor-widget-wrap elementor-element-populated\">\n\t\t\t\t\t\t<div class=\"elementor-element elementor-element-154c48a elementor-widget elementor-widget-cz_title\" data-id=\"154c48a\" data-element_type=\"widget\" data-widget_type=\"cz_title.default\">\n\t\t\t\t<div class=\"elementor-widget-container\">\n\t\t\t\t\t\t\r\n\t\t<div>\r\n\t\t\t<div class=\"cz_title clr cz_title_has_icon cz_title_pos_inline\"><div class=\"cz_title_content\"><i class=\"cz_title_icon_before fa czico-006-speech-bubble-with-text-lines\"><\/i><div class=\"cz_wpe_content\"><h4>Reach out to us.<\/h4>\n<p>Do you have questions?<\/p>\n<\/div><\/div><\/div>\r\n\t\t<\/div>\r\n\t\t\r\n\t\t\t\t\t\t<\/div>\n\t\t\t\t<\/div>\n\t\t\t\t<div class=\"elementor-element elementor-element-3c99587 elementor-widget elementor-widget-cz_gap\" data-id=\"3c99587\" data-element_type=\"widget\" data-widget_type=\"cz_gap.default\">\n\t\t\t\t<div class=\"elementor-widget-container\">\n\t\t\t\t\t<div class=\"cz_gap clr\"><\/div>\t\t\t\t<\/div>\n\t\t\t\t<\/div>\n\t\t\t\t<div class=\"elementor-element elementor-element-e36e759 elementor-widget elementor-widget-cz_contact_form_7\" data-id=\"e36e759\" data-element_type=\"widget\" data-widget_type=\"cz_contact_form_7.default\">\n\t\t\t\t<div class=\"elementor-widget-container\">\n\t\t\t\t\t\t\t<div class=\"cz_cf7 clr\">\r\n\t\t\t<div>\n<div class=\"wpcf7 no-js\" id=\"wpcf7-f3630-o1\" lang=\"tr-TR\" dir=\"ltr\" data-wpcf7-id=\"3630\">\n<div class=\"screen-reader-response\"><p role=\"status\" aria-live=\"polite\" aria-atomic=\"true\"><\/p> <ul><\/ul><\/div>\n<form action=\"\/en\/wp-json\/wp\/v2\/pages\/4281#wpcf7-f3630-o1\" method=\"post\" class=\"wpcf7-form init\" aria-label=\"\u0130leti\u015fim Formu\" novalidate=\"novalidate\" data-status=\"init\">\n<fieldset class=\"hidden-fields-container\"><input type=\"hidden\" name=\"_wpcf7\" value=\"3630\" \/><input type=\"hidden\" name=\"_wpcf7_version\" value=\"6.1.4\" \/><input type=\"hidden\" name=\"_wpcf7_locale\" value=\"tr_TR\" \/><input type=\"hidden\" name=\"_wpcf7_unit_tag\" value=\"wpcf7-f3630-o1\" \/><input type=\"hidden\" name=\"_wpcf7_container_post\" value=\"0\" \/><input type=\"hidden\" name=\"_wpcf7_posted_data_hash\" value=\"\" \/>\n<\/fieldset>\n<p><label> Ad\u0131n\u0131z Soyad\u0131n\u0131z<br \/>\n<span class=\"wpcf7-form-control-wrap\" data-name=\"your-name\"><input size=\"40\" maxlength=\"400\" class=\"wpcf7-form-control wpcf7-text wpcf7-validates-as-required\" autocomplete=\"name\" aria-required=\"true\" aria-invalid=\"false\" value=\"\" type=\"text\" name=\"your-name\" \/><\/span> <\/label>\n<\/p>\n<p><label> E-posta adresiniz<br \/>\n<span class=\"wpcf7-form-control-wrap\" data-name=\"your-email\"><input size=\"40\" maxlength=\"400\" class=\"wpcf7-form-control wpcf7-email wpcf7-validates-as-required wpcf7-text wpcf7-validates-as-email\" autocomplete=\"email\" aria-required=\"true\" aria-invalid=\"false\" value=\"\" type=\"email\" name=\"your-email\" \/><\/span> <\/label>\n<\/p>\n<p><label> Telefon<br \/>\n<span class=\"wpcf7-form-control-wrap\" data-name=\"your-subject\"><input size=\"40\" maxlength=\"400\" class=\"wpcf7-form-control wpcf7-text wpcf7-validates-as-required\" aria-required=\"true\" aria-invalid=\"false\" value=\"\" type=\"text\" name=\"your-subject\" \/><\/span> <\/label>\n<\/p>\n<p><label> Mesaj\u0131n\u0131z<br \/>\n<span class=\"wpcf7-form-control-wrap\" data-name=\"your-message\"><textarea cols=\"40\" rows=\"10\" maxlength=\"2000\" class=\"wpcf7-form-control wpcf7-textarea\" aria-invalid=\"false\" name=\"your-message\"><\/textarea><\/span> <\/label>\n<\/p>\n<p><input class=\"wpcf7-form-control wpcf7-submit has-spinner\" type=\"submit\" value=\"G\u00f6nder\" \/>\n<\/p><div class=\"wpcf7-response-output\" aria-hidden=\"true\"><\/div>\n<\/form>\n<\/div>\n<\/div>\r\n\t\t<\/div>\r\n\t\t\t\t\t\t<\/div>\n\t\t\t\t<\/div>\n\t\t\t\t\t<\/div>\n\t\t<\/div>\n\t\t\t\t<div class=\"elementor-column elementor-col-33 elementor-top-column elementor-element elementor-element-d827860\" data-id=\"d827860\" data-element_type=\"column\">\n\t\t\t<div class=\"elementor-widget-wrap\">\n\t\t\t\t\t\t\t<\/div>\n\t\t<\/div>\n\t\t\t\t\t<\/div>\n\t\t<\/section>\n\t\t\t\t<section class=\"elementor-section elementor-top-section elementor-element elementor-element-f417d0c elementor-section-boxed elementor-section-height-default elementor-section-height-default\" data-id=\"f417d0c\" data-element_type=\"section\">\n\t\t\t\t\t\t<div class=\"elementor-container elementor-column-gap-default\">\n\t\t\t\t\t<div class=\"elementor-column elementor-col-16 elementor-top-column elementor-element elementor-element-6fc1243\" data-id=\"6fc1243\" data-element_type=\"column\">\n\t\t\t<div class=\"elementor-widget-wrap\">\n\t\t\t\t\t\t\t<\/div>\n\t\t<\/div>\n\t\t\t\t<div class=\"elementor-column elementor-col-66 elementor-top-column elementor-element elementor-element-2f0aa76\" data-id=\"2f0aa76\" data-element_type=\"column\">\n\t\t\t<div class=\"elementor-widget-wrap elementor-element-populated\">\n\t\t\t\t\t\t<div class=\"elementor-element elementor-element-bde5612 elementor-widget elementor-widget-cz_gap\" data-id=\"bde5612\" data-element_type=\"widget\" data-widget_type=\"cz_gap.default\">\n\t\t\t\t<div class=\"elementor-widget-container\">\n\t\t\t\t\t<div class=\"cz_gap clr\"><\/div>\t\t\t\t<\/div>\n\t\t\t\t<\/div>\n\t\t\t\t\t<\/div>\n\t\t<\/div>\n\t\t\t\t<div class=\"elementor-column elementor-col-16 elementor-top-column elementor-element elementor-element-785f2a7\" data-id=\"785f2a7\" data-element_type=\"column\">\n\t\t\t<div class=\"elementor-widget-wrap\">\n\t\t\t\t\t\t\t<\/div>\n\t\t<\/div>\n\t\t\t\t\t<\/div>\n\t\t<\/section>\n\t\t\t\t<section class=\"elementor-section elementor-top-section elementor-element elementor-element-cd6f9f8 elementor-section-boxed elementor-section-height-default elementor-section-height-default\" data-id=\"cd6f9f8\" data-element_type=\"section\">\n\t\t\t\t\t\t<div class=\"elementor-container elementor-column-gap-default\">\n\t\t\t\t\t<div class=\"elementor-column elementor-col-100 elementor-top-column elementor-element elementor-element-1b11594\" data-id=\"1b11594\" data-element_type=\"column\">\n\t\t\t<div class=\"elementor-widget-wrap elementor-element-populated\">\n\t\t\t\t\t\t<div class=\"elementor-element elementor-element-dada001 elementor-widget elementor-widget-cz_gap\" data-id=\"dada001\" data-element_type=\"widget\" data-widget_type=\"cz_gap.default\">\n\t\t\t\t<div class=\"elementor-widget-container\">\n\t\t\t\t\t<div class=\"cz_gap clr\"><\/div>\t\t\t\t<\/div>\n\t\t\t\t<\/div>\n\t\t\t\t\t<\/div>\n\t\t<\/div>\n\t\t\t\t\t<\/div>\n\t\t<\/section>\n\t\t\t\t<section class=\"elementor-section elementor-top-section elementor-element elementor-element-a6c0632 elementor-section-boxed elementor-section-height-default elementor-section-height-default\" data-id=\"a6c0632\" data-element_type=\"section\">\n\t\t\t\t\t\t<div class=\"elementor-container elementor-column-gap-default\">\n\t\t\t\t\t<div class=\"elementor-column elementor-col-100 elementor-top-column elementor-element elementor-element-622183e\" data-id=\"622183e\" data-element_type=\"column\">\n\t\t\t<div class=\"elementor-widget-wrap elementor-element-populated\">\n\t\t\t\t\t\t<section class=\"elementor-section elementor-inner-section elementor-element elementor-element-9e3df2b elementor-section-boxed elementor-section-height-default elementor-section-height-default\" data-id=\"9e3df2b\" data-element_type=\"section\">\n\t\t\t\t\t\t<div class=\"elementor-container elementor-column-gap-default\">\n\t\t\t\t\t<div class=\"elementor-column elementor-col-50 elementor-inner-column elementor-element elementor-element-cac4fe6\" data-id=\"cac4fe6\" data-element_type=\"column\">\n\t\t\t<div class=\"elementor-widget-wrap elementor-element-populated\">\n\t\t\t\t\t\t<div class=\"elementor-element elementor-element-bb9d9dd elementor-widget elementor-widget-cz_title\" data-id=\"bb9d9dd\" data-element_type=\"widget\" data-widget_type=\"cz_title.default\">\n\t\t\t\t<div class=\"elementor-widget-container\">\n\t\t\t\t\t\t\r\n\t\t<div>\r\n\t\t\t<div class=\"cz_title clr cz_mobile_text_center cz_title_pos_inline\"><div class=\"cz_title_content\"><div class=\"cz_wpe_content\"><h3><span style=\"font-size: 40px;\"><span style=\"color: #39869e;\">Contact us<\/span>  Ask all your questions.  <\/span><\/h3>\n<p><span style=\"font-size: 24px; color: #aaaaaa;\">We are here to help you.<\/span><\/p>\n<\/div><\/div><\/div>\r\n\t\t<\/div>\r\n\t\t\r\n\t\t\t\t\t\t<\/div>\n\t\t\t\t<\/div>\n\t\t\t\t\t<\/div>\n\t\t<\/div>\n\t\t\t\t<div class=\"elementor-column elementor-col-50 elementor-inner-column elementor-element elementor-element-39df6e9\" data-id=\"39df6e9\" data-element_type=\"column\">\n\t\t\t<div class=\"elementor-widget-wrap elementor-element-populated\">\n\t\t\t\t\t\t<div class=\"elementor-element elementor-element-3237496 elementor-widget elementor-widget-cz_button\" data-id=\"3237496\" data-element_type=\"widget\" data-widget_type=\"cz_button.default\">\n\t\t\t\t<div class=\"elementor-widget-container\">\n\t\t\t\t\t\t\t<div class=\"cz_btn_center\">\r\n\t\t\t<div>\r\n\t\t\t\t<a href=\"https:\/\/www.cocukpsikiyatricuneytozcan.com\/iletisim\/\" class=\"cz_btn cz_btn_txt_no_fx cz_btn_no_fx\">\r\n\r\n\t\t\t\t\t<span><i class=\"fas fa-phone-alt\"><\/i>\t\t\t\t\t\t<strong>Contact Us\t\t\t\t\t\t\t\t\t\t\t\t\t<\/strong>\r\n\t\t\t\t\t\t\t\t\t\t\t<\/span>\r\n\r\n\t\t\t\t\t<b class=\"cz_btn_onhover\">\r\n\t\t\t\t\t\t<i class=\"fas fa-phone-alt\"><\/i>\t\t\t\t\t\t<strong>\r\n\t\t\t\t\t\t\tContact Us\t\t\t\t\t\t\t\t\t\t\t\t\t<\/strong>\r\n\t\t\t\t\t\t\t\t\t\t\t<\/b>\r\n\r\n\t\t\t\t<\/a>\r\n\t\t\t<\/div>\r\n\t\t<\/div> \t\t\t\t\t\t<\/div>\n\t\t\t\t<\/div>\n\t\t\t\t\t<\/div>\n\t\t<\/div>\n\t\t\t\t\t<\/div>\n\t\t<\/section>\n\t\t\t\t\t<\/div>\n\t\t<\/div>\n\t\t\t\t\t<\/div>\n\t\t<\/section>\n\t\t\t\t<\/div>\n\t\t<div style='text-align:center' class='yasr-auto-insert-visitor'><\/div>","protected":false},"excerpt":{"rendered":"<p>What is the MMPI &#8211; Multiphasic Personality Inventory? The Minnesota Multiphasic &#8230; <\/p>\n","protected":false},"author":1,"featured_media":0,"parent":0,"menu_order":0,"comment_status":"closed","ping_status":"closed","template":"","meta":{"yasr_overall_rating":0,"yasr_post_is_review":"","yasr_auto_insert_disabled":"","yasr_review_type":"","footnotes":""},"class_list":["post-4281","page","type-page","status-publish","hentry"],"yasr_visitor_votes":{"stars_attributes":{"read_only":false,"span_bottom":false},"number_of_votes":0,"sum_votes":0},"_links":{"self":[{"href":"https:\/\/www.cocukpsikiyatricuneytozcan.com\/en\/wp-json\/wp\/v2\/pages\/4281","targetHints":{"allow":["GET"]}}],"collection":[{"href":"https:\/\/www.cocukpsikiyatricuneytozcan.com\/en\/wp-json\/wp\/v2\/pages"}],"about":[{"href":"https:\/\/www.cocukpsikiyatricuneytozcan.com\/en\/wp-json\/wp\/v2\/types\/page"}],"author":[{"embeddable":true,"href":"https:\/\/www.cocukpsikiyatricuneytozcan.com\/en\/wp-json\/wp\/v2\/users\/1"}],"replies":[{"embeddable":true,"href":"https:\/\/www.cocukpsikiyatricuneytozcan.com\/en\/wp-json\/wp\/v2\/comments?post=4281"}],"version-history":[{"count":1,"href":"https:\/\/www.cocukpsikiyatricuneytozcan.com\/en\/wp-json\/wp\/v2\/pages\/4281\/revisions"}],"predecessor-version":[{"id":4282,"href":"https:\/\/www.cocukpsikiyatricuneytozcan.com\/en\/wp-json\/wp\/v2\/pages\/4281\/revisions\/4282"}],"wp:attachment":[{"href":"https:\/\/www.cocukpsikiyatricuneytozcan.com\/en\/wp-json\/wp\/v2\/media?parent=4281"}],"curies":[{"name":"wp","href":"https:\/\/api.w.org\/{rel}","templated":true}]}}