{"id":4426,"date":"2026-01-08T20:05:40","date_gmt":"2026-01-08T17:05:40","guid":{"rendered":"https:\/\/www.cocukpsikiyatricuneytozcan.com\/?page_id=4426"},"modified":"2026-04-08T00:47:38","modified_gmt":"2026-04-07T21:47:38","slug":"calisma-bellegi-olcegi-cbo-nedir","status":"publish","type":"page","link":"http:\/\/www.cocukpsikiyatricuneytozcan.com\/en\/calisma-bellegi-olcegi-cbo-nedir\/","title":{"rendered":"\u00c7al\u0131\u015fma Belle\u011fi \u00d6l\u00e7e\u011fi (\u00c7B\u00d6) Nedir?"},"content":{"rendered":"\t\t<div data-elementor-type=\"wp-page\" data-elementor-id=\"4426\" class=\"elementor elementor-4426\">\n\t\t\t\t\t\t<section class=\"elementor-section elementor-top-section elementor-element elementor-element-c04f9dd elementor-section-boxed elementor-section-height-default elementor-section-height-default\" data-id=\"c04f9dd\" data-element_type=\"section\">\n\t\t\t\t\t\t<div class=\"elementor-container elementor-column-gap-default\">\n\t\t\t\t\t<div class=\"elementor-column elementor-col-100 elementor-top-column elementor-element elementor-element-185a328\" data-id=\"185a328\" data-element_type=\"column\">\n\t\t\t<div class=\"elementor-widget-wrap elementor-element-populated\">\n\t\t\t\t\t\t<div class=\"elementor-element elementor-element-bd4904c elementor-widget elementor-widget-heading\" data-id=\"bd4904c\" data-element_type=\"widget\" data-widget_type=\"heading.default\">\n\t\t\t\t<div class=\"elementor-widget-container\">\n\t\t\t\t\t<h2 class=\"elementor-heading-title elementor-size-default\">\u00c7al\u0131\u015fma Belle\u011fi \u00d6l\u00e7e\u011fi\n(\u00c7B\u00d6) Nedir?<\/h2>\t\t\t\t<\/div>\n\t\t\t\t<\/div>\n\t\t\t\t<div class=\"elementor-element elementor-element-6a97553 elementor-widget elementor-widget-text-editor\" data-id=\"6a97553\" data-element_type=\"widget\" data-widget_type=\"text-editor.default\">\n\t\t\t\t<div class=\"elementor-widget-container\">\n\t\t\t\t\t\t\t\t\t<p>\u00c7al\u0131\u015fma Belle\u011fi \u00d6l\u00e7e\u011fi (\u00c7B\u00d6), 5 ya\u015f 0ayile8ya\u015f11ayaras\u0131ndaki \u00e7ocuklar\u0131n \u00e7al\u0131\u015fma belle\u011fi becerilerini de\u011ferlendirmek i\u00e7in kullan\u0131lan, yap\u0131land\u0131r\u0131lm\u0131\u015f bir \u00f6l\u00e7me arac\u0131d\u0131r. \u00c7al\u0131\u015fma belle\u011fi; \u00e7ocu\u011fun bilgiyi k\u0131sa s\u00fcreli olarak zihinde tutarken ayn\u0131 anda i\u015flemleyebilme, y\u00f6nerge takip etme, dikkatini s\u00fcrd\u00fcrebilme ve problem \u00e7\u00f6zme gibi g\u00fcnl\u00fck ve akademik i\u015flevlerin temelini olu\u015fturan \u00f6nemli bir bili\u015fsel beceridir.<\/p><p>\u00c7B\u00d6 de\u011ferlendirmesi, yaln\u0131zca k\u0131sa s\u00fcreli bellek ve \u00e7al\u0131\u015fma belle\u011fi becerilerinin genel d\u00fczeyini g\u00f6rmekle kalmaz; \u00e7ocu\u011fun g\u00f6rsel veya i\u015fitsel bellek do\u011frultusunda hangi alanda daha g\u00fc\u00e7l\u00fc, hangi alanlarda daha fazla deste\u011fe ihtiya\u00e7 duydu\u011funu ayr\u0131nt\u0131l\u0131 bi\u00e7imde anlamaya yard\u0131mc\u0131 olur. B\u00f6ylece e\u011fitimsel planlama, m\u00fcdahale program\u0131 olu\u015fturma ve ev\u2013okul d\u00fczenlemeleri a\u00e7\u0131s\u0131ndan daha hedefli bir yol haritas\u0131 geli\u015ftirmek m\u00fcmk\u00fcn olur.<\/p><h3>\u00c7B\u00d6 Hangi Alanlar\u0131 De\u011ferlendirir?<\/h3><p>Genel \u00c7al\u0131\u015fma belle\u011fi tek bir beceri de\u011fildir; farkl\u0131 bile\u015fenlerin etkile\u015fiminden olu\u015fur. \u00c7B\u00d6, de\u011ferlendirmeyi genel olarak \u015fu eksenlerde ele al\u0131r:<\/p><ul><li>S\u00f6zel K\u0131sa S\u00fcreli Bellek: \u0130\u015fitsel olarak sunulan bilgilerin k\u0131sa s\u00fcreli olarak zihinde tutulabilme becerisini ifade eder.<\/li><li>S\u00f6zel \u00c7al\u0131\u015fma Belle\u011fi: S\u00f6zel bilgileri zihinde tutarken ayn\u0131 anda bu bilgiler \u00fczerinde i\u015flem yapabilme, s\u0131ralayabilme ve d\u00f6n\u00fc\u015ft\u00fcrebilme becerisini ifade eder.<\/li><li>G\u00f6rsel K\u0131sa S\u00fcreli Bellek: G\u00f6rsel olarak sunulan bilgilerin k\u0131sa s\u00fcreli olarak zihinde tutulabilme becerisini ifade eder.<\/li><li>G\u00f6rsel \u00c7al\u0131\u015fma Belle\u011fi: G\u00f6rsel bilgileri zihinde tutarken ayn\u0131 anda bu bilgiler \u00fczerinde kar\u015f\u0131la\u015ft\u0131rma, d\u00fczenleme ve zihinsel i\u015flem yapabilme becerisini ifade eder.<\/li><\/ul><p>Baz\u0131 \u00e7ocuklarda bilgiyi haf\u0131zada tutma becerisi yeterliyken,haf\u0131zada tutarken i\u015flemleme gereken g\u00f6revlerde zorlanma daha belirgin olabilir veya baz\u0131 \u00e7ocuklarda ise g\u00fc\u00e7l\u00fck daha \u00e7ok s\u00f6zel yada g\u00f6rsel kanalda yo\u011funla\u015fabilir. Bu de\u011ferlendirme ile birlikte var olan bu farkl\u0131l\u0131klar g\u00f6zlemlenebilir hale gelmektedir.<\/p><h3>\u00c7B\u00d6 Neden \u00d6nemlidir?<\/h3><p>\u00c7al\u0131\u015fma belle\u011fi; \u00f6\u011frenme s\u00fcre\u00e7lerinde \u00e7ok kritik bir rol oynar. \u00c7al\u0131\u015fma belle\u011fi zorluklar\u0131 olan \u00e7ocuklarda \u015fu alanlarda g\u00fc\u00e7l\u00fckler g\u00f6r\u00fclebilir:<\/p><ul><li>\u00c7ok ad\u0131ml\u0131 y\u00f6nergeleri takip etme<\/li><li>Okuma-anlama ve ak\u0131c\u0131 okuma s\u00fcreci<\/li><li>Matematikte i\u015flem basamaklar\u0131n\u0131 s\u00fcrd\u00fcrme<\/li><li>Not alma, planlama, \u00f6dev takibi<\/li><li>Dikkati s\u00fcrd\u00fcrme ve zihinsel y\u00fck alt\u0131nda performans\u0131 koruma<\/li><li>\u00d6z d\u00fczenleme becerileri<\/li><\/ul><p>\u00c7B\u00d6 de\u011ferlendirmesi, bu t\u00fcr zorluklar\u0131n \u201cnereden kaynaklan\u0131yor olabilece\u011fine\u201d dair daha net bir \u00e7er\u00e7eve sunar ve destek plan\u0131n\u0131n hedefini netle\u015ftirmede yard\u0131mc\u0131 olur.<\/p><h3>Uygulama S\u00fcreci Nas\u0131l \u0130lerler?<\/h3><p>\u00c7B\u00d6, uzman taraf\u0131ndan bireysel olarak uygulan\u0131r. Uygulama s\u0131ras\u0131nda \u00e7ocu\u011fun ya\u015f\u0131na uygun y\u00f6nergeler verilir; \u00e7ocuk baz\u0131 b\u00f6l\u00fcmlerde hat\u0131rlama, baz\u0131 b\u00f6l\u00fcmlerde ise hat\u0131rlarken i\u015flem yapma t\u00fcr\u00fcnde g\u00f6revler ger\u00e7ekle\u015ftirir.<\/p><h3>Test \u00d6ncesi Nelere Dikkat Edilmelidir?<\/h3><p>Test g\u00fcn\u00fcnde \u00e7ocu\u011fun uykusunu alm\u0131\u015f, temel ihtiya\u00e7lar\u0131 kar\u015f\u0131lanm\u0131\u015f olmas\u0131 \u00f6nemlidir. Rahat k\u0131yafet tercih edilmesi ve g\u00fcn\u00fcn m\u00fcmk\u00fcn oldu\u011funca do\u011fal bir rutin i\u00e7inde planlanmas\u0131 \u00f6nerilir. G\u00f6zl\u00fck kullan\u0131m\u0131 varsa g\u00f6zl\u00fc\u011f\u00fcn unutulmamas\u0131, ila\u00e7 kullan\u0131m\u0131 do\u011frultusunda uzman\u0131n y\u00f6nlendirmesine uyulmas\u0131 \u00f6nerilir.<\/p><p>\u00c7ocu\u011fa test \u00f6ncesinde ayr\u0131nt\u0131l\u0131 bilgi vermek gerekmez; ancak kayg\u0131 uyand\u0131rmayacak, ya\u015f\u0131na uygun k\u0131sa bir a\u00e7\u0131klama yap\u0131labilir (\u00f6r. \u201cBirlikte baz\u0131 dikkat ve haf\u0131za oyunlar\u0131 yapacaks\u0131n\u0131z.\u201d). Testin ayr\u0131nt\u0131l\u0131 tan\u0131t\u0131m\u0131 ve y\u00f6nergeler, uygulay\u0131c\u0131 uzman taraf\u0131ndan de\u011ferlendirme s\u00fcrecinde verilir.<\/p><h3>\u00c7B\u00d6 ile \u0130lgili S\u0131k Sorulan Sorular<\/h3><p><strong>\u00c7B\u00d6 zek\u00e2 testi midir?<\/strong><\/p><p>Hay\u0131r.\u00c7B\u00d6 bir zek\u00e2 testi de\u011fildir. Ancak zeka testlerinde \u00f6l\u00e7\u00fclen beceri k\u00fcmelerinden birisidir. \u0130lgili testlerde \u00e7al\u0131\u015fma belle\u011fine y\u00f6nelik becerisi sadece i\u015fitsel olarak \u00f6l\u00e7\u00fcl\u00fcyorken \u00c7B\u00d6\u2019da hem g\u00f6rsel hem de i\u015fitsel \u00f6l\u00e7\u00fcmler \u00fczerinden genel beceri de\u011ferlendirilmektedir.<\/p><p><strong>\u00c7B\u00d6 tek ba\u015f\u0131na tan\u0131 koyar m\u0131?<\/strong><\/p><p>Hay\u0131r. \u00c7B\u00d6 bir \u201ctan\u0131 koyma arac\u0131\u201d de\u011fil; bili\u015fsel i\u015flevleri anlamaya yard\u0131mc\u0131 olan, klinik g\u00f6zlemi g\u00fc\u00e7lendiren bir de\u011ferlendirme arac\u0131d\u0131r. Sonu\u00e7lar, gerekirse di\u011fer \u00f6l\u00e7\u00fcmler ve klinik g\u00f6r\u00fc\u015fme bulgular\u0131yla birlikte ele al\u0131n\u0131r.<\/p><p><strong>\u00c7B\u00d6 hangi \u00e7ocuklar i\u00e7in \u00f6nerilir?<\/strong><\/p><p>\u00d6zellikle dikkat, \u00f6\u011frenme ve akademik performans alanlar\u0131nda g\u00fc\u00e7l\u00fck ya\u015fand\u0131\u011f\u0131nda; y\u00f6nerge takibi, okuma-anlama, matematik basamaklar\u0131n\u0131 s\u00fcrd\u00fcrme veya zihinsel y\u00fck alt\u0131nda \u00e7abuk da\u011f\u0131lma gibi belirtiler oldu\u011funda de\u011ferlendirme faydal\u0131 olabilir. \u00d6zellikle \u00d6zg\u00fcl \u00d6\u011frenme Bozuklu\u011fu (Disleksi), Otizm Spektrum Bozuklu\u011fu, Dikkat Eksikli\u011fi ve Hiperaktivite(DEHB) gibi n\u00f6ro geli\u015fimsel tan\u0131larda \u00e7al\u0131\u015fma\u00a0 belle\u011fi\u00a0 performans\u0131 \u00fczerine de\u011ferlendirme yapmak faydal\u0131 olabilir.<\/p>\t\t\t\t\t\t\t\t<\/div>\n\t\t\t\t<\/div>\n\t\t\t\t\t<\/div>\n\t\t<\/div>\n\t\t\t\t\t<\/div>\n\t\t<\/section>\n\t\t\t\t<section class=\"elementor-section elementor-top-section elementor-element elementor-element-3e42bd9 elementor-section-boxed elementor-section-height-default elementor-section-height-default\" data-id=\"3e42bd9\" data-element_type=\"section\">\n\t\t\t\t\t\t<div class=\"elementor-container elementor-column-gap-default\">\n\t\t\t\t\t<div class=\"elementor-column elementor-col-100 elementor-top-column elementor-element elementor-element-d1b9721\" data-id=\"d1b9721\" data-element_type=\"column\">\n\t\t\t<div class=\"elementor-widget-wrap elementor-element-populated\">\n\t\t\t\t\t\t<div class=\"elementor-element elementor-element-f861622 elementor-widget elementor-widget-cz_image\" data-id=\"f861622\" data-element_type=\"widget\" data-widget_type=\"cz_image.default\">\n\t\t\t\t<div class=\"elementor-widget-container\">\n\t\t\t\t\t\r\n\t\t<div class=\"cz_image clr cz_image_no_fx center_on_mobile\" data-position=\"\">\r\n\r\n\t\t\t<div>\r\n\r\n\t\t\t\t<div class=\"cz_image_in\">\r\n\r\n\t\t\t\t\t<div class=\"cz_main_image\"><img decoding=\"async\" width=\"160\" height=\"160\" src=\"http:\/\/www.cocukpsikiyatricuneytozcan.com\/wp-content\/uploads\/2019\/12\/user.png\" class=\"attachment-full size-full wp-image-1190\" alt=\"\" srcset=\"http:\/\/www.cocukpsikiyatricuneytozcan.com\/wp-content\/uploads\/2019\/12\/user.png 160w, http:\/\/www.cocukpsikiyatricuneytozcan.com\/wp-content\/uploads\/2019\/12\/user-100x100.png 100w, http:\/\/www.cocukpsikiyatricuneytozcan.com\/wp-content\/uploads\/2019\/12\/user-150x150.png 150w\" sizes=\"(max-width: 160px) 100vw, 160px\" \/><\/div>\r\n\r\n\t\t\t\t\t<div class=\"cz_hover_image\"><img decoding=\"async\" width=\"160\" height=\"160\" src=\"http:\/\/www.cocukpsikiyatricuneytozcan.com\/wp-content\/uploads\/2019\/12\/user.png\" class=\"attachment-full size-full wp-image-1190\" alt=\"\" srcset=\"http:\/\/www.cocukpsikiyatricuneytozcan.com\/wp-content\/uploads\/2019\/12\/user.png 160w, http:\/\/www.cocukpsikiyatricuneytozcan.com\/wp-content\/uploads\/2019\/12\/user-100x100.png 100w, http:\/\/www.cocukpsikiyatricuneytozcan.com\/wp-content\/uploads\/2019\/12\/user-150x150.png 150w\" sizes=\"(max-width: 160px) 100vw, 160px\" \/><\/div>\r\n\t\t\t\t<\/div>\r\n\r\n\t\t\t\t\r\n\t\t\t<\/div>\r\n\r\n\t\t<\/div>\r\n\r\n\t\t\t\t\t<\/div>\n\t\t\t\t<\/div>\n\t\t\t\t<div class=\"elementor-element elementor-element-b52f8f3 elementor-widget elementor-widget-cz_title\" data-id=\"b52f8f3\" data-element_type=\"widget\" data-widget_type=\"cz_title.default\">\n\t\t\t\t<div class=\"elementor-widget-container\">\n\t\t\t\t\t\t\r\n\t\t<div>\r\n\t\t\t<div class=\"cz_title clr cz_mobile_text_center cz_title_pos_inline tac\"><div class=\"cz_title_content\"><div class=\"cz_wpe_content\"><p style=\"text-align: center;\"><span style=\"letter-spacing: 6px; color: #01849f;\">\u0130LET\u0130\u015e\u0130ME GE\u00c7<\/span><\/p><\/div><\/div><\/div>\r\n\t\t<\/div>\r\n\t\t\r\n\t\t\t\t\t\t<\/div>\n\t\t\t\t<\/div>\n\t\t\t\t<div class=\"elementor-element elementor-element-36e24cf elementor-widget elementor-widget-cz_title\" data-id=\"36e24cf\" data-element_type=\"widget\" data-widget_type=\"cz_title.default\">\n\t\t\t\t<div class=\"elementor-widget-container\">\n\t\t\t\t\t\t\r\n\t\t<div>\r\n\t\t\t<div class=\"cz_title clr cz_mobile_text_center cz_title_pos_inline tac\"><div class=\"cz_title_content\"><div class=\"cz_wpe_content\"><h3 style=\"text-align: center;\"><span style=\"font-size: 48px;\">Hemen Form Doldur<\/span><\/h3><\/div><\/div><\/div>\r\n\t\t<\/div>\r\n\t\t\r\n\t\t\t\t\t\t<\/div>\n\t\t\t\t<\/div>\n\t\t\t\t<div class=\"elementor-element elementor-element-bcf40e7 elementor-widget elementor-widget-cz_title\" data-id=\"bcf40e7\" data-element_type=\"widget\" data-widget_type=\"cz_title.default\">\n\t\t\t\t<div class=\"elementor-widget-container\">\n\t\t\t\t\t\t\r\n\t\t<div>\r\n\t\t\t<div class=\"cz_title clr cz_title_pos_inline tac\"><div class=\"cz_title_content\"><div class=\"cz_wpe_content\"><p style=\"text-align: center;\"><span style=\"font-size: 18px; color: #999;\">\u00c7ocuk ve Ergen Psikiyatrisi ve Psikoterapisi i\u00e7in form doldurarak bize ula\u015fabilirsiniz.<\/span><\/p><\/div><\/div><\/div>\r\n\t\t<\/div>\r\n\t\t\r\n\t\t\t\t\t\t<\/div>\n\t\t\t\t<\/div>\n\t\t\t\t<div class=\"elementor-element elementor-element-81eba61 elementor-widget elementor-widget-cz_gap\" data-id=\"81eba61\" data-element_type=\"widget\" data-widget_type=\"cz_gap.default\">\n\t\t\t\t<div class=\"elementor-widget-container\">\n\t\t\t\t\t<div class=\"cz_gap clr\"><\/div>\t\t\t\t<\/div>\n\t\t\t\t<\/div>\n\t\t\t\t\t<\/div>\n\t\t<\/div>\n\t\t\t\t\t<\/div>\n\t\t<\/section>\n\t\t\t\t<section class=\"elementor-section elementor-top-section elementor-element elementor-element-87a9e01 elementor-section-boxed elementor-section-height-default elementor-section-height-default\" data-id=\"87a9e01\" data-element_type=\"section\">\n\t\t\t\t\t\t<div class=\"elementor-container elementor-column-gap-default\">\n\t\t\t\t\t<div class=\"elementor-column elementor-col-33 elementor-top-column elementor-element elementor-element-575e0db\" data-id=\"575e0db\" data-element_type=\"column\">\n\t\t\t<div class=\"elementor-widget-wrap\">\n\t\t\t\t\t\t\t<\/div>\n\t\t<\/div>\n\t\t\t\t<div class=\"elementor-column elementor-col-33 elementor-top-column elementor-element elementor-element-d5191c0\" data-id=\"d5191c0\" data-element_type=\"column\">\n\t\t\t<div class=\"elementor-widget-wrap elementor-element-populated\">\n\t\t\t\t\t\t<div class=\"elementor-element elementor-element-727d75e elementor-widget elementor-widget-cz_title\" data-id=\"727d75e\" data-element_type=\"widget\" data-widget_type=\"cz_title.default\">\n\t\t\t\t<div class=\"elementor-widget-container\">\n\t\t\t\t\t\t\r\n\t\t<div>\r\n\t\t\t<div class=\"cz_title clr cz_title_has_icon cz_title_pos_inline\"><div class=\"cz_title_content\"><i class=\"cz_title_icon_before fa czico-006-speech-bubble-with-text-lines\"><\/i><div class=\"cz_wpe_content\"><h4>Bize Ula\u015f..<\/h4><p>Sorular\u0131n m\u0131 Var?<\/p><\/div><\/div><\/div>\r\n\t\t<\/div>\r\n\t\t\r\n\t\t\t\t\t\t<\/div>\n\t\t\t\t<\/div>\n\t\t\t\t<div class=\"elementor-element elementor-element-3e74f93 elementor-widget elementor-widget-cz_gap\" data-id=\"3e74f93\" data-element_type=\"widget\" data-widget_type=\"cz_gap.default\">\n\t\t\t\t<div class=\"elementor-widget-container\">\n\t\t\t\t\t<div class=\"cz_gap clr\"><\/div>\t\t\t\t<\/div>\n\t\t\t\t<\/div>\n\t\t\t\t<div class=\"elementor-element elementor-element-8f20a58 elementor-widget elementor-widget-cz_contact_form_7\" data-id=\"8f20a58\" data-element_type=\"widget\" data-widget_type=\"cz_contact_form_7.default\">\n\t\t\t\t<div class=\"elementor-widget-container\">\n\t\t\t\t\t\t\t<div class=\"cz_cf7 clr\">\r\n\t\t\t<div>\n<div class=\"wpcf7 no-js\" id=\"wpcf7-f3630-o1\" lang=\"tr-TR\" dir=\"ltr\" data-wpcf7-id=\"3630\">\n<div class=\"screen-reader-response\"><p role=\"status\" aria-live=\"polite\" aria-atomic=\"true\"><\/p> <ul><\/ul><\/div>\n<form action=\"\/en\/wp-json\/wp\/v2\/pages\/4426#wpcf7-f3630-o1\" method=\"post\" class=\"wpcf7-form init\" aria-label=\"\u0130leti\u015fim Formu\" novalidate=\"novalidate\" data-status=\"init\">\n<fieldset class=\"hidden-fields-container\"><input type=\"hidden\" name=\"_wpcf7\" value=\"3630\" \/><input type=\"hidden\" name=\"_wpcf7_version\" value=\"6.1.4\" \/><input type=\"hidden\" name=\"_wpcf7_locale\" value=\"tr_TR\" \/><input type=\"hidden\" name=\"_wpcf7_unit_tag\" value=\"wpcf7-f3630-o1\" \/><input type=\"hidden\" name=\"_wpcf7_container_post\" value=\"0\" \/><input type=\"hidden\" name=\"_wpcf7_posted_data_hash\" value=\"\" \/>\n<\/fieldset>\n<p><label> Ad\u0131n\u0131z Soyad\u0131n\u0131z<br \/>\n<span class=\"wpcf7-form-control-wrap\" data-name=\"your-name\"><input size=\"40\" maxlength=\"400\" class=\"wpcf7-form-control wpcf7-text wpcf7-validates-as-required\" autocomplete=\"name\" aria-required=\"true\" aria-invalid=\"false\" value=\"\" type=\"text\" name=\"your-name\" \/><\/span> <\/label>\n<\/p>\n<p><label> E-posta adresiniz<br \/>\n<span class=\"wpcf7-form-control-wrap\" data-name=\"your-email\"><input size=\"40\" maxlength=\"400\" class=\"wpcf7-form-control wpcf7-email wpcf7-validates-as-required wpcf7-text wpcf7-validates-as-email\" autocomplete=\"email\" aria-required=\"true\" aria-invalid=\"false\" value=\"\" type=\"email\" name=\"your-email\" \/><\/span> <\/label>\n<\/p>\n<p><label> Telefon<br \/>\n<span class=\"wpcf7-form-control-wrap\" data-name=\"your-subject\"><input size=\"40\" maxlength=\"400\" class=\"wpcf7-form-control wpcf7-text wpcf7-validates-as-required\" aria-required=\"true\" aria-invalid=\"false\" value=\"\" type=\"text\" name=\"your-subject\" \/><\/span> <\/label>\n<\/p>\n<p><label> Mesaj\u0131n\u0131z<br \/>\n<span class=\"wpcf7-form-control-wrap\" data-name=\"your-message\"><textarea cols=\"40\" rows=\"10\" maxlength=\"2000\" class=\"wpcf7-form-control wpcf7-textarea\" aria-invalid=\"false\" name=\"your-message\"><\/textarea><\/span> <\/label>\n<\/p>\n<p><input class=\"wpcf7-form-control wpcf7-submit has-spinner\" type=\"submit\" value=\"G\u00f6nder\" \/>\n<\/p><div class=\"wpcf7-response-output\" aria-hidden=\"true\"><\/div>\n<\/form>\n<\/div>\n<\/div>\r\n\t\t<\/div>\r\n\t\t\t\t\t\t<\/div>\n\t\t\t\t<\/div>\n\t\t\t\t\t<\/div>\n\t\t<\/div>\n\t\t\t\t<div class=\"elementor-column elementor-col-33 elementor-top-column elementor-element elementor-element-54fa93c\" data-id=\"54fa93c\" data-element_type=\"column\">\n\t\t\t<div class=\"elementor-widget-wrap\">\n\t\t\t\t\t\t\t<\/div>\n\t\t<\/div>\n\t\t\t\t\t<\/div>\n\t\t<\/section>\n\t\t\t\t<section class=\"elementor-section elementor-top-section elementor-element elementor-element-f417d0c elementor-section-boxed elementor-section-height-default elementor-section-height-default\" data-id=\"f417d0c\" data-element_type=\"section\">\n\t\t\t\t\t\t<div class=\"elementor-container elementor-column-gap-default\">\n\t\t\t\t\t<div class=\"elementor-column elementor-col-16 elementor-top-column elementor-element elementor-element-6fc1243\" data-id=\"6fc1243\" data-element_type=\"column\">\n\t\t\t<div class=\"elementor-widget-wrap\">\n\t\t\t\t\t\t\t<\/div>\n\t\t<\/div>\n\t\t\t\t<div class=\"elementor-column elementor-col-66 elementor-top-column elementor-element elementor-element-2f0aa76\" data-id=\"2f0aa76\" data-element_type=\"column\">\n\t\t\t<div class=\"elementor-widget-wrap elementor-element-populated\">\n\t\t\t\t\t\t<div class=\"elementor-element elementor-element-bde5612 elementor-widget elementor-widget-cz_gap\" data-id=\"bde5612\" data-element_type=\"widget\" data-widget_type=\"cz_gap.default\">\n\t\t\t\t<div class=\"elementor-widget-container\">\n\t\t\t\t\t<div class=\"cz_gap clr\"><\/div>\t\t\t\t<\/div>\n\t\t\t\t<\/div>\n\t\t\t\t\t<\/div>\n\t\t<\/div>\n\t\t\t\t<div class=\"elementor-column elementor-col-16 elementor-top-column elementor-element elementor-element-785f2a7\" data-id=\"785f2a7\" data-element_type=\"column\">\n\t\t\t<div class=\"elementor-widget-wrap\">\n\t\t\t\t\t\t\t<\/div>\n\t\t<\/div>\n\t\t\t\t\t<\/div>\n\t\t<\/section>\n\t\t\t\t<section class=\"elementor-section elementor-top-section elementor-element elementor-element-cd6f9f8 elementor-section-boxed elementor-section-height-default elementor-section-height-default\" data-id=\"cd6f9f8\" data-element_type=\"section\">\n\t\t\t\t\t\t<div class=\"elementor-container elementor-column-gap-default\">\n\t\t\t\t\t<div class=\"elementor-column elementor-col-100 elementor-top-column elementor-element elementor-element-1b11594\" data-id=\"1b11594\" data-element_type=\"column\">\n\t\t\t<div class=\"elementor-widget-wrap elementor-element-populated\">\n\t\t\t\t\t\t<div class=\"elementor-element elementor-element-dada001 elementor-widget elementor-widget-cz_gap\" data-id=\"dada001\" data-element_type=\"widget\" data-widget_type=\"cz_gap.default\">\n\t\t\t\t<div class=\"elementor-widget-container\">\n\t\t\t\t\t<div class=\"cz_gap clr\"><\/div>\t\t\t\t<\/div>\n\t\t\t\t<\/div>\n\t\t\t\t\t<\/div>\n\t\t<\/div>\n\t\t\t\t\t<\/div>\n\t\t<\/section>\n\t\t\t\t<section class=\"elementor-section elementor-top-section elementor-element elementor-element-1aa0e71 elementor-section-boxed elementor-section-height-default elementor-section-height-default\" data-id=\"1aa0e71\" data-element_type=\"section\">\n\t\t\t\t\t\t<div class=\"elementor-container elementor-column-gap-default\">\n\t\t\t\t\t<div class=\"elementor-column elementor-col-100 elementor-top-column elementor-element elementor-element-429af28\" data-id=\"429af28\" data-element_type=\"column\">\n\t\t\t<div class=\"elementor-widget-wrap elementor-element-populated\">\n\t\t\t\t\t\t<section class=\"elementor-section elementor-inner-section elementor-element elementor-element-75a8b45 elementor-section-boxed elementor-section-height-default elementor-section-height-default\" data-id=\"75a8b45\" data-element_type=\"section\">\n\t\t\t\t\t\t<div class=\"elementor-container elementor-column-gap-default\">\n\t\t\t\t\t<div class=\"elementor-column elementor-col-50 elementor-inner-column elementor-element elementor-element-7b27829\" data-id=\"7b27829\" data-element_type=\"column\">\n\t\t\t<div class=\"elementor-widget-wrap elementor-element-populated\">\n\t\t\t\t\t\t<div class=\"elementor-element elementor-element-a729f55 elementor-widget elementor-widget-cz_title\" data-id=\"a729f55\" data-element_type=\"widget\" data-widget_type=\"cz_title.default\">\n\t\t\t\t<div class=\"elementor-widget-container\">\n\t\t\t\t\t\t\r\n\t\t<div>\r\n\t\t\t<div class=\"cz_title clr cz_mobile_text_center cz_title_pos_inline\"><div class=\"cz_title_content\"><div class=\"cz_wpe_content\"><h3><span style=\"font-size: 40px;\"><span style=\"color: #39869e;\">Bize ula\u015f.<\/span> T\u00fcm merak ettiklerini sor.\u00a0<\/span><\/h3><p><span style=\"font-size: 24px; color: #aaaaaa;\">Size yard\u0131mc\u0131 olmak i\u00e7in buraday\u0131z.<\/span><\/p><\/div><\/div><\/div>\r\n\t\t<\/div>\r\n\t\t\r\n\t\t\t\t\t\t<\/div>\n\t\t\t\t<\/div>\n\t\t\t\t\t<\/div>\n\t\t<\/div>\n\t\t\t\t<div class=\"elementor-column elementor-col-50 elementor-inner-column elementor-element elementor-element-4e9c852\" data-id=\"4e9c852\" data-element_type=\"column\">\n\t\t\t<div class=\"elementor-widget-wrap elementor-element-populated\">\n\t\t\t\t\t\t<div class=\"elementor-element elementor-element-0933a3c elementor-widget elementor-widget-cz_button\" data-id=\"0933a3c\" data-element_type=\"widget\" data-widget_type=\"cz_button.default\">\n\t\t\t\t<div class=\"elementor-widget-container\">\n\t\t\t\t\t\t\t<div class=\"cz_btn_center\">\r\n\t\t\t<div>\r\n\t\t\t\t<a href=\"https:\/\/www.cocukpsikiyatricuneytozcan.com\/iletisim\/\" class=\"cz_btn cz_btn_txt_no_fx cz_btn_no_fx\">\r\n\r\n\t\t\t\t\t<span><i class=\"fas fa-phone-alt\"><\/i>\t\t\t\t\t\t<strong>\u0130leti\u015fime Ge\u00e7\t\t\t\t\t\t\t\t\t\t\t\t\t<\/strong>\r\n\t\t\t\t\t\t\t\t\t\t\t<\/span>\r\n\r\n\t\t\t\t\t<b class=\"cz_btn_onhover\">\r\n\t\t\t\t\t\t<i class=\"fas fa-phone-alt\"><\/i>\t\t\t\t\t\t<strong>\r\n\t\t\t\t\t\t\t\u0130leti\u015fime Ge\u00e7\t\t\t\t\t\t\t\t\t\t\t\t\t<\/strong>\r\n\t\t\t\t\t\t\t\t\t\t\t<\/b>\r\n\r\n\t\t\t\t<\/a>\r\n\t\t\t<\/div>\r\n\t\t<\/div> \t\t\t\t\t\t<\/div>\n\t\t\t\t<\/div>\n\t\t\t\t\t<\/div>\n\t\t<\/div>\n\t\t\t\t\t<\/div>\n\t\t<\/section>\n\t\t\t\t\t<\/div>\n\t\t<\/div>\n\t\t\t\t\t<\/div>\n\t\t<\/section>\n\t\t\t\t<\/div>\n\t\t<div style='text-align:center' class='yasr-auto-insert-visitor'><\/div>","protected":false},"excerpt":{"rendered":"<p>\u00c7al\u0131\u015fma Belle\u011fi \u00d6l\u00e7e\u011fi (\u00c7B\u00d6) Nedir? \u00c7al\u0131\u015fma Belle\u011fi \u00d6l\u00e7e\u011fi (\u00c7B\u00d6), 5 ya\u015f &#8230; <\/p>\n","protected":false},"author":1,"featured_media":0,"parent":0,"menu_order":0,"comment_status":"closed","ping_status":"closed","template":"","meta":{"yasr_overall_rating":0,"yasr_post_is_review":"","yasr_auto_insert_disabled":"","yasr_review_type":"","footnotes":""},"class_list":["post-4426","page","type-page","status-publish","hentry"],"yasr_visitor_votes":{"stars_attributes":{"read_only":false,"span_bottom":false},"number_of_votes":0,"sum_votes":0},"_links":{"self":[{"href":"http:\/\/www.cocukpsikiyatricuneytozcan.com\/en\/wp-json\/wp\/v2\/pages\/4426","targetHints":{"allow":["GET"]}}],"collection":[{"href":"http:\/\/www.cocukpsikiyatricuneytozcan.com\/en\/wp-json\/wp\/v2\/pages"}],"about":[{"href":"http:\/\/www.cocukpsikiyatricuneytozcan.com\/en\/wp-json\/wp\/v2\/types\/page"}],"author":[{"embeddable":true,"href":"http:\/\/www.cocukpsikiyatricuneytozcan.com\/en\/wp-json\/wp\/v2\/users\/1"}],"replies":[{"embeddable":true,"href":"http:\/\/www.cocukpsikiyatricuneytozcan.com\/en\/wp-json\/wp\/v2\/comments?post=4426"}],"version-history":[{"count":6,"href":"http:\/\/www.cocukpsikiyatricuneytozcan.com\/en\/wp-json\/wp\/v2\/pages\/4426\/revisions"}],"predecessor-version":[{"id":4764,"href":"http:\/\/www.cocukpsikiyatricuneytozcan.com\/en\/wp-json\/wp\/v2\/pages\/4426\/revisions\/4764"}],"wp:attachment":[{"href":"http:\/\/www.cocukpsikiyatricuneytozcan.com\/en\/wp-json\/wp\/v2\/media?parent=4426"}],"curies":[{"name":"wp","href":"https:\/\/api.w.org\/{rel}","templated":true}]}}