{"id":4265,"date":"2023-01-27T15:13:30","date_gmt":"2023-01-27T12:13:30","guid":{"rendered":"https:\/\/www.cocukpsikiyatricuneytozcan.com\/privacy-policy\/"},"modified":"2025-02-05T15:04:12","modified_gmt":"2025-02-05T12:04:12","slug":"privacy-policy","status":"publish","type":"page","link":"http:\/\/www.cocukpsikiyatricuneytozcan.com\/en\/privacy-policy\/","title":{"rendered":"Privacy Policy"},"content":{"rendered":"&#13;\n<div>&#13;\n<div id=\"0\">&#13;\n<div class=\"mx-2.5 md:mx-4 xl:container \">&#13;\n<div class=\"style_richText__sUHfQ\">&#13;\n<div>&#13;\n<h2 class=\"wp-block-heading\"><strong>Privacy and Cookie Policy:<\/strong><\/h2>&#13;\n<p><a href=\"https:\/\/www.cocukpsikiyatricuneytozcan.com.\">https:\/\/www.cocukpsikiyatricuneytozcan.com<\/a> en iyi \u015fekilde kullanabilmeniz ve kullan\u0131c\u0131 deneyiminizi geli\u015ftirebilmek i\u00e7in \u00c7erez (Cookie) kullan\u0131yoruz. \u00c7erez kullan\u0131lmas\u0131n\u0131 tercih etmezseniz taray\u0131c\u0131n\u0131z\u0131n ayarlar\u0131ndan \u00c7erez\u2019leri silebilir ya da engelleyebilirsiniz. Ancak bunun internet sitemizi kullan\u0131m\u0131n\u0131z\u0131 etkileyebilece\u011fini hat\u0131rlatmak isteriz. Taray\u0131c\u0131n\u0131zdan \u00c7erez ayarlar\u0131n\u0131z\u0131 de\u011fi\u015ftirmedi\u011finiz s\u00fcrece bu sitede \u00e7erez kullan\u0131m\u0131n\u0131 kabul etti\u011finizi varsayaca\u011f\u0131z. Toplanan verilerle ilgili d\u00fczenlemelere a\u015fa\u011f\u0131da yer alan Gizlilik Politikas\u0131\u2019ndan ula\u015fabilirsiniz.<\/p>&#13;\n<h2><strong>What are cookies and why are they used?<\/strong><\/h2>&#13;\n<p><strong>\u00c7erezler, ziyaret etti\u011finiz internet siteleri taraf\u0131ndan taray\u0131c\u0131lar arac\u0131l\u0131\u011f\u0131yla cihaz\u0131n\u0131za veya a\u011f sunucusuna depolanan k\u00fc\u00e7\u00fck metin dosyalar\u0131d\u0131r.<\/strong><\/p>&#13;\n<p><strong>https:\/\/www.cocukpsikiyatricuneytozcan.com \u00e7erez kullan\u0131lmas\u0131n\u0131n ba\u015fl\u0131ca ama\u00e7lar\u0131 a\u015fa\u011f\u0131da s\u0131ralanmaktad\u0131r:<\/strong><\/p>&#13;\n<ul>&#13;\n<li>\u0130nternet sitesinin i\u015flevselli\u011fini ve performans\u0131n\u0131 artt\u0131rmak yoluyla sizlere sunulan hizmetleri geli\u015ftirmek,<\/li>&#13;\n<li>\u0130nternet Sitesini iyile\u015ftirmek ve \u0130nternet Sitesi \u00fczerinden yeni \u00f6zellikler sunmak ve sunulan \u00f6zellikleri sizlerin tercihlerine g\u00f6re ki\u015fiselle\u015ftirmek;<\/li>&#13;\n<li>\u0130nternet Sitesinin, sizin ve \u015eirketimizin hukuki ve ticari g\u00fcvenli\u011finin teminini sa\u011flamak.<\/li>&#13;\n<\/ul>&#13;\n<h2><strong>Types of Cookies Used on Our Website<\/strong><\/h2>&#13;\n<p><strong>Oturum \u00c7erezleri :<\/strong>\u00a0Oturum \u00e7erezleri ziyaret\u00e7ilerimizin \u0130nternet Sitesini ziyaretleri s\u00fcresince kullan\u0131lan, taray\u0131c\u0131 kapat\u0131ld\u0131ktan sonra silinen ge\u00e7ici \u00e7erezlerdir.<\/p>&#13;\n<p>Bu t\u00fcr \u00e7erezlerin kullan\u0131lmas\u0131n\u0131n temel amac\u0131 ziyaretiniz s\u00fcresince \u0130nternet Sitesinin d\u00fczg\u00fcn bir bi\u00e7imde \u00e7al\u0131\u015fmas\u0131n\u0131n teminini sa\u011flamakt\u0131r.<\/p>&#13;\n<p><strong>Kal\u0131c\u0131 \u00c7erezler :\u00a0<\/strong>Kal\u0131c\u0131 \u00e7erezler \u0130nternet Sitesinin i\u015flevselli\u011fini art\u0131rmak, ziyaret\u00e7ilerimize daha h\u0131zl\u0131 ve iyi bir hizmet sunmak amac\u0131yla kullan\u0131lan \u00e7erez t\u00fcrleridir.<\/p>&#13;\n<p>Bu t\u00fcr \u00e7erezler tercihlerinizi hat\u0131rlamak i\u00e7in kullan\u0131l\u0131r ve taray\u0131c\u0131lar vas\u0131tas\u0131yla cihaz\u0131n\u0131zda depolan\u0131r.<\/p>&#13;\n<p>Kal\u0131c\u0131 \u00e7erezlerin baz\u0131 t\u00fcrleri; \u0130nternet Sitesini kullan\u0131m amac\u0131n\u0131z gibi hususlar g\u00f6z \u00f6n\u00fcnde bulundurarak sizlere \u00f6zel \u00f6neriler sunulmas\u0131 i\u00e7in kullan\u0131labilmektedir.<\/p>&#13;\n<p>Kal\u0131c\u0131 \u00e7erezler sayesinde \u0130nternet Sitemizi ayn\u0131 cihazla tekrardan ziyaret etmeniz durumunda, cihaz\u0131n\u0131zda \u0130nternet Sitemiz taraf\u0131ndan olu\u015fturulmu\u015f bir \u00e7erez olup olmad\u0131\u011f\u0131 kontrol edilir ve var ise, sizin siteyi daha \u00f6nce ziyaret etti\u011finiz anla\u015f\u0131l\u0131r ve size iletilecek i\u00e7erik bu do\u011frultuda belirlenir ve b\u00f6ylelikle sizlere daha iyi bir hizmet sunulur.<\/p>&#13;\n<p><strong>https:\/\/www.cocukpsikiyatricuneytozcan.com&#8217;da Kullan\u0131lan \u00c7erezler<\/strong><\/p>&#13;\n<p><strong>Oturum \u00c7erezleri:<\/strong>\u00a0\u00dcyeler, \u015fifrelerini kullanarak internet sitesine giri\u015f yapmalar\u0131 durumunda, bu t\u00fcr \u00e7erezler ile, \u00fcyenin internet sitesinde ziyaret etti\u011fi her bir sayfada site kullan\u0131c\u0131s\u0131 oldu\u011fu belirlenerek, kullan\u0131c\u0131n\u0131n her sayfada \u015fifresini yeniden girmesi \u00f6nlenir.<\/p>&#13;\n<p><strong>Analiz \u00c7erezleri:<\/strong>\u00a0Analiz \u00e7erezleri ile internet sitesini ziyaret edenlerin say\u0131lar\u0131, internet sitesinde g\u00f6r\u00fcnt\u00fclenen sayfalar\u0131n tespiti, internet sitesi ziyaret saatleri, internet sitesi sayfalar\u0131 kayd\u0131rma hareketleri, ziyaret\u00e7i lokasyonlar\u0131 vb\u2026 gibi analitik sonu\u00e7lar\u0131n \u00fcretimini sa\u011flayan \u00e7erezlerdir.<\/p>&#13;\n<h2><strong>Privacy Policy:<\/strong><\/h2>&#13;\n<p>PS\u0130KO\u00c7OCUK \u00c7OCUK VE ERGEN PS\u0130K\u0130YATR\u0130 MERKEZ\u0130 MED\u0130KAL SANAY\u0130 T\u0130CARET L\u0130M\u0130TED \u015e\u0130RKET\u0130 olarak, ziyaret\u00e7i\/\u00fcyelerin (\u201cKullan\u0131c\u0131\u201d) t\u00fcm servislerimizi eksiksiz ve g\u00fcvenli \u015fekilde kullanabilmeleri ve \u00fcyelerimizin gizlili\u011fini korumak i\u00e7in \u00e7al\u0131\u015f\u0131yoruz. Gizlilik Politika\u2019m\u0131z\u0131n \u00fcyelerimizin ki\u015fisel verilerinin 6698 say\u0131l\u0131 Ki\u015fisel Verilerin Korunmas\u0131 Kanunu ile tamamen uyumlu oldu\u011funu bildirmek isteriz.<\/p>&#13;\n<p>PS\u0130KO\u00c7OCUK \u00c7OCUK VE ERGEN PS\u0130K\u0130YATR\u0130 MERKEZ\u0130, \u00fcyelik formlar\u0131 ile kendisine iletilen bilgileri, Kullan\u0131c\u0131 bilgisi veya aksi y\u00f6nde bir talimat\u0131 olmaks\u0131z\u0131n, \u00fc\u00e7\u00fcnc\u00fc \u015fah\u0131slarla kesinlikle payla\u015fmamakta, faaliyet d\u0131\u015f\u0131 hi\u00e7bir nedenle ticari ama\u00e7la kullanmamakta ve satmamaktad\u0131r.<\/p>&#13;\n<p>\u0130nternet Sitesi Gizlilik Politikas\u0131 (\u201cPolitika\u201d) ile; (1) Kullan\u0131c\u0131lar\u0131n ki\u015fisel verilerinin i\u015flenmesi, ve (2) \u0130nternet Sitesi Gizlilik Politikas\u0131\u2019n\u0131n y\u00fcr\u00fcrl\u00fc\u011f\u00fc hakk\u0131nda a\u00e7\u0131klamalar yap\u0131lmaktad\u0131r.<\/p>&#13;\n<h2><strong>Who is the Data Controller?<\/strong><\/h2>&#13;\n<p>Ki\u015fisel verilerin i\u015fleme ama\u00e7lar\u0131n\u0131 ve vas\u0131talar\u0131n\u0131 belirleyen, veri kay\u0131t sisteminin kurulmas\u0131ndan ve y\u00f6netilmesinden sorumlu olan ger\u00e7ek veya t\u00fczel ki\u015fiyi ifade etmekte olup, PS\u0130KO\u00c7OCUK \u00c7OCUK VE ERGEN PS\u0130K\u0130YATR\u0130 MERKEZ\u0130 MED\u0130KAL SANAY\u0130 T\u0130CARET L\u0130M\u0130TED \u015e\u0130RKET\u0130<\/p>&#13;\n<p>VER\u0130 SORUMLUSU (PS\u0130KO\u00c7OCUK \u00c7OCUK VE ERGEN PS\u0130K\u0130YATR\u0130 MERKEZ\u0130) s\u0131fat\u0131yla hareket etmektedir.<\/p>&#13;\n<h2><strong>Who is the data processor?<\/strong><\/h2>&#13;\n<p>Ki\u015fisel Verilerin Korunmas\u0131 Kanunu\u2019nda (\u201cKanun\u201d) \u201cVeri sorumlusunun verdi\u011fi yetkiye dayanarak onun ad\u0131na ki\u015fisel verileri i\u015fleyen ger\u00e7ek veya t\u00fczel ki\u015fi\u201d olarak tan\u0131mlanm\u0131\u015ft\u0131r. Bu tan\u0131mdan hareketle, veri i\u015fleyenden s\u00f6z edebilmek i\u00e7in veri sorumlusunun yetkilendirdi\u011fi ayr\u0131 bir ger\u00e7ek\/t\u00fczel ki\u015fi olmal\u0131 ve ki\u015fisel verileri veri sorumlusu ad\u0131na i\u015flemelidir.<\/p>&#13;\n<h2><strong>Which Personal Data Do We Process?<\/strong><\/h2>&#13;\n<p>\u0130nternet Sitemizi ziyaret etmeniz dolay\u0131s\u0131yla elde edilen ki\u015fisel verileriniz a\u015fa\u011f\u0131da s\u0131ralanmaktad\u0131r:<\/p>&#13;\n<ul>&#13;\n<li>Kimlik Bilgisi<\/li>&#13;\n<li>\u0130leti\u015fim Bilgisi<\/li>&#13;\n<li>M\u00fc\u015fteri \u0130\u015flem Bilgisi<\/li>&#13;\n<li>\u0130\u015flem G\u00fcvenli\u011fi Bilgisi<\/li>&#13;\n<li>Pazarlama Bilgisi<\/li>&#13;\n<li>\u00dcr\u00fcn\/Hizmet Kullan\u0131m Bilgisi<\/li>&#13;\n<li>Talep\/\u015eikayet Y\u00f6netimi Bilgisi<\/li>&#13;\n<li>Di\u011fer Bilgiler Hakk\u0131nda Detayl\u0131 Bilgiye\u00a0Ki\u015fisel Verilerin Korunmas\u0131 ve \u0130\u015flenmesi Politikas\u0131 \u2019ndan ula\u015fabilirsiniz.<\/li>&#13;\n<li>Ki\u015fisel verileriniz, PS\u0130KO\u00c7OCUK \u00c7OCUK VE ERGEN PS\u0130K\u0130YATR\u0130 MERKEZ\u0130 taraf\u0131ndan \u0130nternet Sitemizi ziyaret etmeniz dolay\u0131s\u0131yla teknik ileti\u015fim dosyalar\u0131 olan \u00e7erezler (cookies) vas\u0131tas\u0131yla toplanmaktad\u0131r.<\/li>&#13;\n<\/ul>&#13;\n<h2><strong>With Whom Users&#8217; Personal Data Can Be Shared<\/strong><\/h2>&#13;\n<p>Elde edilen ki\u015fisel verileriniz, ki\u015fisel verilerinizin i\u015flenme ama\u00e7lar\u0131 do\u011frultusunda, i\u015f ortaklar\u0131m\u0131za (d\u0131\u015f kaynak hizmet sa\u011flay\u0131c\u0131lar\u0131, bar\u0131nd\u0131rma (hosting) hizmet sa\u011flay\u0131c\u0131lar\u0131, ara\u015ft\u0131rma \u015firketleri, \u00e7a\u011fr\u0131 merkezleri gibi), kanunen yetkili kamu kurumlar\u0131na ve \u00f6zel ki\u015filere KVK Kanunu\u2019nun 8. ve 9. maddelerinde belirtilen ki\u015fisel veri i\u015fleme \u015fartlar\u0131 ve ama\u00e7lar\u0131 dahilinde aktar\u0131labilecektir.<\/p>&#13;\n<h2><strong>Retention Periods of Personal Data of Data Subjects<\/strong><\/h2>&#13;\n<p>Kanun ve ilgili di\u011fer kanun h\u00fck\u00fcmlerine uygun olarak i\u015flenmi\u015f olmas\u0131na ra\u011fmen, i\u015flenmesini gerektiren sebeplerin ortadan kalkmas\u0131 h\u00e2linde, PS\u0130KO\u00c7OCUK \u00c7OCUK VE ERGEN PS\u0130K\u0130YATR\u0130 MERKEZ\u0130 taraf\u0131ndan ki\u015fisel veriler silinmekte, yok edilmekte veya anonim hale getirilmektedir.<\/p>&#13;\n<p>PS\u0130KO\u00c7OCUK \u00c7OCUK VE ERGEN PS\u0130K\u0130YATR\u0130 MERKEZ\u0130,\u00a0Kanun\u2019a uygun bir bi\u00e7imde, do\u011fmas\u0131 muhtemel herhangi bir uyu\u015fmazl\u0131k kapsam\u0131nda kullan\u0131lmak \u00fczere ilgili mevzuat ile belirlenmi\u015f olan zamana\u015f\u0131m\u0131 s\u00fcreleri boyunca ki\u015fisel verileri muhafaza edebilecektir. Bu durumda muhafaza edilen ki\u015fisel verilere herhangi bir ba\u015fka ama\u00e7la eri\u015filmemekte ve ancak ilgili hukuki uyu\u015fmazl\u0131kta kullan\u0131lmas\u0131 gerekti\u011fi zaman eri\u015fim sa\u011flanmaktad\u0131r.<\/p>&#13;\n<p>Ki\u015fisel verilerinizin saklanmas\u0131na ili\u015fkin detayl\u0131 bilgilere;<\/p>&#13;\n<p>Ki\u015fisel Verilerin Korunmas\u0131 ve \u0130\u015flenmesi Politikas\u0131 \u2019ndan ula\u015fabilirsiniz.<\/p>&#13;\n<p><strong>Kullan\u0131c\u0131lar\u0131n Haklar\u0131<\/strong><\/p>&#13;\n<p>Kanun\u2019un 11. maddesi gere\u011fince Kullan\u0131c\u0131lar, ki\u015fisel verilerine ili\u015fkin olarak a\u015fa\u011f\u0131da s\u0131ralanan haklara sahiptirler:<\/p>&#13;\n<ul>&#13;\n<li>Ki\u015fisel veri i\u015flenip i\u015flenmedi\u011fini \u00f6\u011frenme,<\/li>&#13;\n<li>Ki\u015fisel verileri i\u015flenmi\u015fse buna ili\u015fkin bilgi talep etme,<\/li>&#13;\n<li>Ki\u015fisel verilerin i\u015flenme amac\u0131n\u0131 ve bunlar\u0131n amac\u0131na uygun kullan\u0131l\u0131p kullan\u0131lmad\u0131\u011f\u0131n\u0131 \u00f6\u011frenme,<\/li>&#13;\n<li>Yurt i\u00e7inde veya yurt d\u0131\u015f\u0131nda ki\u015fisel verilerin aktar\u0131ld\u0131\u011f\u0131 \u00fc\u00e7\u00fcnc\u00fc ki\u015fileri bilme,<\/li>&#13;\n<li>Ki\u015fisel verilerin eksik veya yanl\u0131\u015f i\u015flenmi\u015f olmas\u0131 h\u00e2linde bunlar\u0131n d\u00fczeltilmesini isteme ve bu kapsamda yap\u0131lan i\u015flemin ki\u015fisel verilerin aktar\u0131ld\u0131\u011f\u0131 \u00fc\u00e7\u00fcnc\u00fc ki\u015filere bildirilmesini isteme,<\/li>&#13;\n<li>KVK Kanunu ve ilgili di\u011fer kanun h\u00fck\u00fcmlerine uygun olarak i\u015flenmi\u015f olmas\u0131na ra\u011fmen, i\u015flenmesini gerektiren sebeplerin ortadan kalkmas\u0131 h\u00e2linde ki\u015fisel verilerin silinmesini veya yok edilmesini isteme ve bu kapsamda yap\u0131lan i\u015flemin ki\u015fisel verilerin aktar\u0131ld\u0131\u011f\u0131 \u00fc\u00e7\u00fcnc\u00fc ki\u015filere bildirilmesini isteme,<\/li>&#13;\n<li>\u0130\u015flenen verilerin m\u00fcnhas\u0131ran otomatik sistemler vas\u0131tas\u0131yla analiz edilmesi suretiyle ki\u015finin kendisi aleyhine bir sonucun ortaya \u00e7\u0131kmas\u0131na itiraz etme,<\/li>&#13;\n<li>Ki\u015fisel verilerin kanuna ayk\u0131r\u0131 olarak i\u015flenmesi sebebiyle zarara u\u011framas\u0131 h\u00e2linde zarar\u0131n giderilmesini talep etme.<\/li>&#13;\n<\/ul>&#13;\n<p><strong>PS\u0130KO\u00c7OCUK \u00c7OCUK VE ERGEN PS\u0130K\u0130YATR\u0130 MERKEZ\u0130<\/strong>, 6698 say\u0131l\u0131 Ki\u015fisel Verilerin Korunmas\u0131 Kanunu\u2019na uygun olarak, idari ve teknik imkanlar dahilinde; Kullan\u0131c\u0131lar\u0131n ki\u015fisel verilerini kullanmalar\u0131n\u0131 m\u00fcmk\u00fcn k\u0131l\u0131nmas\u0131 i\u00e7in gerekli olan sistemleri y\u00fcr\u00fctmektedir.<\/p>&#13;\n<p>Haklar\u0131n\u0131za ili\u015fkin taleplerinizi Veri Sahibi Ba\u015fvuru Formu\u2019nda yer alan y\u00f6ntemlerle \u015eirketimize iletmeniz durumunda, talebin niteli\u011fine g\u00f6re en k\u0131sa s\u00fcrede ve en ge\u00e7 otuz g\u00fcn i\u00e7inde \u00fccretsiz olarak sonu\u00e7land\u0131racakt\u0131r. Ancak, i\u015flemin ayr\u0131ca bir maliyeti gerektirmesi h\u00e2linde, <strong>PS\u0130KO\u00c7OCUK \u00c7OCUK VE ERGEN PS\u0130K\u0130YATR\u0130 MERKEZ\u0130<\/strong> taraf\u0131ndan Ki\u015fisel Verileri Koruma Kurulu taraf\u0131ndan belirlenen tarifedeki \u00fccret al\u0131nabilir.<\/p>&#13;\n<p>Veri Sahiplerinin Ki\u015fisel Verilerinin G\u00fcvenli\u011finin Sa\u011flanmas\u0131na Y\u00f6nelik Al\u0131nan Tedbirler<\/p>&#13;\n<p><strong>PS\u0130KO\u00c7OCUK \u00c7OCUK VE ERGEN PS\u0130K\u0130YATR\u0130 MERKEZ\u0130<\/strong> ki\u015fisel verilerin korunmas\u0131na ve veri g\u00fcvenli\u011finin sa\u011flanmas\u0131na verdi\u011fi \u00f6nem do\u011frultusunda, KVK Kanunu\u2019nun 12. maddesine uygun olarak taraf\u0131ndan veri g\u00fcvenli\u011finin sa\u011flanmas\u0131 i\u00e7in,<\/p>&#13;\n<ul>&#13;\n<li>Ki\u015fisel verilerin hukuka ayk\u0131r\u0131 olarak i\u015flenmesini \u00f6nlemek,<\/li>&#13;\n<li>Ki\u015fisel verilere hukuka ayk\u0131r\u0131 olarak eri\u015filmesini \u00f6nlemek,<\/li>&#13;\n<li>Ki\u015fisel verilerin muhafazas\u0131n\u0131 sa\u011flamak,<\/li>&#13;\n<\/ul>&#13;\n<p>amac\u0131yla uygun g\u00fcvenlik d\u00fczeyini temin etmeye y\u00f6nelik gerekli her t\u00fcrl\u00fc teknik ve idari tedbirleri almaktad\u0131r.<\/p>&#13;\n<h2><strong>External Links<\/strong><\/h2>&#13;\n<p>\u0130nternet sitemiz, sayfalar\u0131ndan farkl\u0131 internet adreslerine ba\u011flant\u0131 vermektedir. \u0130nternet sitemiz link verdi\u011fi, banner tan\u0131t\u0131m\u0131n\u0131 yapt\u0131\u011f\u0131 sitelerin i\u00e7eriklerinden veya gizlilik prensiplerinden sorumlu de\u011fildir. Burada bahsedilen ba\u011flant\u0131 verme i\u015flemi, hukuki olarak \u201cat\u0131fta bulunma\u201d olarak de\u011ferlendirilmektedir.<\/p>&#13;\n<h2><strong>Can the Use of Cookies be Blocked by Data Subjects?<\/strong><\/h2>&#13;\n<p>Taray\u0131c\u0131n\u0131z\u0131n ayarlar\u0131n\u0131 de\u011fi\u015ftirerek \u00e7erezlere ili\u015fkin tercihlerinizi ki\u015fiselle\u015ftirme imkan\u0131na sahipsiniz.<\/p>&#13;\n<h2><strong>Enforcement of the Website Privacy Policy<\/strong><\/h2>&#13;\n<p>\u0130nternet Sitesi Gizlilik Politikas\u0131 1 \u015fubat 2023 Per\u015fembe tarihlidir. Politika\u2019n\u0131n t\u00fcm\u00fcn\u00fcn veya belirli maddelerinin yenilenmesi durumunda Politika\u2019n\u0131n y\u00fcr\u00fcrl\u00fck tarihi g\u00fcncellenecektir.<\/p>&#13;\n<p><strong>PS\u0130KO\u00c7OCUK \u00c7OCUK VE ERGEN PS\u0130K\u0130YATR\u0130 MERKEZ\u0130<\/strong> internet sitesinde (https:\/\/www.cocukpsikiyatricuneytozcan.com) yay\u0131mlan\u0131r Kullan\u0131c\u0131lar\u0131n talebi \u00fczerine ilgili ki\u015filerin eri\u015fimine sunulur. <strong>PS\u0130KO\u00c7OCUK \u00c7OCUK VE ERGEN PS\u0130K\u0130YATR\u0130 MERKEZ\u0130<\/strong> taraf\u0131ndan elde edilen ki\u015fisel verilere ili\u015fkin detayl\u0131 bilgiye Ki\u015fisel Verilerin Korunmas\u0131 ve \u0130\u015flenmesi Politikas\u0131 \u2019ndan ula\u015fabilirsiniz.<\/p>&#13;\n<\/div>&#13;\n<\/div>&#13;\n<\/div>&#13;\n<\/div>&#13;\n<\/div>&#13;\n<div style='text-align:center' class='yasr-auto-insert-visitor'><\/div>","protected":false},"excerpt":{"rendered":"<p>&#13; &#13; &#13; &#13; &#13; &#13; Privacy and Cookie Policy: &#13; &#8230; <\/p>\n","protected":false},"author":1,"featured_media":0,"parent":0,"menu_order":0,"comment_status":"closed","ping_status":"closed","template":"","meta":{"yasr_overall_rating":0,"yasr_post_is_review":"","yasr_auto_insert_disabled":"","yasr_review_type":"","footnotes":""},"class_list":["post-4265","page","type-page","status-publish","hentry"],"yasr_visitor_votes":{"stars_attributes":{"read_only":false,"span_bottom":false},"number_of_votes":0,"sum_votes":0},"_links":{"self":[{"href":"http:\/\/www.cocukpsikiyatricuneytozcan.com\/en\/wp-json\/wp\/v2\/pages\/4265","targetHints":{"allow":["GET"]}}],"collection":[{"href":"http:\/\/www.cocukpsikiyatricuneytozcan.com\/en\/wp-json\/wp\/v2\/pages"}],"about":[{"href":"http:\/\/www.cocukpsikiyatricuneytozcan.com\/en\/wp-json\/wp\/v2\/types\/page"}],"author":[{"embeddable":true,"href":"http:\/\/www.cocukpsikiyatricuneytozcan.com\/en\/wp-json\/wp\/v2\/users\/1"}],"replies":[{"embeddable":true,"href":"http:\/\/www.cocukpsikiyatricuneytozcan.com\/en\/wp-json\/wp\/v2\/comments?post=4265"}],"version-history":[{"count":1,"href":"http:\/\/www.cocukpsikiyatricuneytozcan.com\/en\/wp-json\/wp\/v2\/pages\/4265\/revisions"}],"predecessor-version":[{"id":4266,"href":"http:\/\/www.cocukpsikiyatricuneytozcan.com\/en\/wp-json\/wp\/v2\/pages\/4265\/revisions\/4266"}],"wp:attachment":[{"href":"http:\/\/www.cocukpsikiyatricuneytozcan.com\/en\/wp-json\/wp\/v2\/media?parent=4265"}],"curies":[{"name":"wp","href":"https:\/\/api.w.org\/{rel}","templated":true}]}}